{"id":42797,"date":"2025-02-03T13:40:04","date_gmt":"2025-02-03T12:40:04","guid":{"rendered":"https:\/\/www.xalution.com\/nadruk\/"},"modified":"2026-04-21T10:21:23","modified_gmt":"2026-04-21T08:21:23","slug":"nadruk","status":"publish","type":"page","link":"https:\/\/www.xalution.com\/pl\/nadruk\/","title":{"rendered":"Struktura Holdingu"},"content":{"rendered":"<div class=\"wpb-content-wrapper\"><p>[vc_row css_animation=&#8221;&#8221; row_type=&#8221;row&#8221; use_row_as_full_screen_section=&#8221;no&#8221; type=&#8221;full_width&#8221; angled_section=&#8221;no&#8221; text_align=&#8221;left&#8221; background_image_as_pattern=&#8221;without_pattern&#8221; css=&#8221;.vc_custom_1620136563094{background-color: #1b213a !important;}&#8221; z_index=&#8221;&#8221;][vc_column css=&#8221;.vc_custom_1620136570327{background-color: #1b213a !important;}&#8221;][vc_empty_space height=&#8221;120&#8243;][\/vc_column][\/vc_row][vc_row css_animation=&#8221;&#8221; row_type=&#8221;row&#8221; use_row_as_full_screen_section=&#8221;no&#8221; type=&#8221;grid&#8221; angled_section=&#8221;no&#8221; text_align=&#8221;left&#8221; background_image_as_pattern=&#8221;without_pattern&#8221; z_index=&#8221;&#8221;][vc_column][vc_empty_space height=&#8221;150&#8243;][vc_column_text]<\/p>\n<h1 style=\"text-align: center;\">Struktura Holdingu<\/h1>\n<p>[\/vc_column_text][vc_empty_space height=&#8221;40&#8243;][vc_row_inner row_type=&#8221;row&#8221; type=&#8221;full_width&#8221; text_align=&#8221;left&#8221; css_animation=&#8221;&#8221; el_class=&#8221;impressumsreihe&#8221;][vc_column_inner el_class=&#8221;impressumsblock&#8221; width=&#8221;1\/3&#8243;][vc_column_text css=&#8221;&#8221;]<strong>xalution group GmbH<\/strong><br \/>\nWeinmarkt 4<br \/>\n90403 Nuremberg<br \/>\nGermany<\/p>\n<p>Managing Directors:<br \/>\nTobias Endl<br \/>\nIng. Michal Hankiewicz<\/p>\n<p>Procurist:<br \/>\nEike Fischer<br \/>\nTom\u00e1\u0161 Palyza[\/vc_column_text][vc_column_text css=&#8221;&#8221;]Register court of Nuremberg, HRB 34421<br \/>\nVAT number DE313850165[\/vc_column_text][\/vc_column_inner][vc_column_inner el_class=&#8221;impressumsblock&#8221; width=&#8221;1\/3&#8243;][vc_column_text css=&#8221;&#8221;]<strong>xalution GmbH<\/strong><br \/>\nWeinmarkt 4<br \/>\n90403 Nuremberg<br \/>\nGermany<\/p>\n<p>Telefon:<br \/>\n+49 911 148 869 19<\/p>\n<p>Managing Directors:<br \/>\nTobias Endl<br \/>\nEike Fischer<\/p>\n<p>Procurist:<br \/>\nRobert Siebeck[\/vc_column_text][vc_column_text css=&#8221;&#8221;]Register court of Nuremberg, HRB 34405<br \/>\nVAT number DE313850157<\/p>\n<p>[\/vc_column_text][\/vc_column_inner][vc_column_inner el_class=&#8221;impressumsblock&#8221; width=&#8221;1\/3&#8243;][vc_column_text css=&#8221;&#8221;]<strong>xalution s.r.o.<\/strong><br \/>\nPORT 7, Budynek D<br \/>\nPod Dr\u00e1hou 1638\/7<br \/>\n170 00 Praha 7<br \/>\nCzechy<\/p>\n<p>Telefon:<br \/>\n+420 737 294 185<\/p>\n<p>Managing Directors:<br \/>\nIng. Michal Hankiewicz<br \/>\nIng. Ji\u0159\u00ed Smolek<br \/>\nTereza Mach\u00e1\u010dkov\u00e1[\/vc_column_text][vc_column_text css=&#8221;&#8221;]Register court of Prague, 05335884<br \/>\nVAT number CZ05335884<\/p>\n<p>[\/vc_column_text][\/vc_column_inner][\/vc_row_inner][vc_row_inner row_type=&#8221;row&#8221; type=&#8221;full_width&#8221; text_align=&#8221;left&#8221; css_animation=&#8221;&#8221; el_class=&#8221;impressumsreihe&#8221;][vc_column_inner el_class=&#8221;impressumsblock&#8221; width=&#8221;1\/3&#8243;][vc_column_text css=&#8221;&#8221;]<strong>xalution GmbH<\/strong><br \/>\nIm Alexander 4<br \/>\n8500 Frauenfeld<br \/>\nSwitzerland<\/p>\n<p>Telefon:<br \/>\n+41 43 508 20 24<\/p>\n<p>Managing Directors:<br \/>\nTobias Endl<br \/>\nChristian Calabro[\/vc_column_text][vc_column_text css=&#8221;&#8221;]Register court of Frauenfeld \/ TG, CHE-395.047.740<br \/>\nVAT number CHE-395.047.740<\/p>\n<p>[\/vc_column_text][\/vc_column_inner][vc_column_inner el_class=&#8221;impressumsblock&#8221; width=&#8221;1\/3&#8243;][vc_column_text css=&#8221;&#8221;]<\/p>\n<p data-start=\"961\" data-end=\"1059\"><strong data-start=\"961\" data-end=\"984\">xalution sp. z o.o.<\/strong><br data-start=\"984\" data-end=\"987\" \/>ul. Na Ostatnim Groszu 3<br data-start=\"1011\" data-end=\"1014\" \/>West 4 Business Hub<br data-start=\"1033\" data-end=\"1036\" \/>54-207 Wroc\u0142aw, Polen<\/p>\n<p data-start=\"961\" data-end=\"1059\">Telefon:<br data-start=\"1033\" data-end=\"1036\" \/>+48 880 609 813<\/p>\n<p data-start=\"1061\" data-end=\"1148\">CEO: Michal Hankiewicz<br data-start=\"1087\" data-end=\"1090\" \/>Board Members: Wojciech Kaczmarek, Tereza Machackova<\/p>\n<p>[\/vc_column_text][vc_column_text css=&#8221;&#8221;]<br \/>\nRegister court of Warsaw,KRS: 0001143694<br \/>\nVAT number: 5253027670<br \/>\n[\/vc_column_text][\/vc_column_inner][vc_column_inner el_class=&#8221;impressumsblock&#8221; width=&#8221;1\/3&#8243;][vc_column_text css=&#8221;&#8221;]<strong>Mo\u017cliwo\u015b\u0107 kontaktu:<\/strong><br \/>\nTelefon: +49 911 148 869 19<br \/>\ninfo(at)xalution.com[\/vc_column_text][vc_raw_html css=&#8221;&#8221;]PHN2ZyB4bWxucz0iaHR0cDovL3d3dy53My5vcmcvMjAwMC9zdmciIHdpZHRoPSIyMzIuNDIiIGhlaWdodD0iMjUxLjI3NyIgdmlld0JveD0iMCAwIDIzMi40MiAyNTEuMjc3IiBjbGFzcz0icmlnaHQiPg0KICA8cGF0aCBpZD0iUGZhZF84ODAiIGRhdGEtbmFtZT0iUGZhZCA4ODAiIGQ9Ik0zNzEuMDczLDE3NS4zNzljLTQuNzE2LDYuNi0xMi43MjksMTAuODQ0LTIyLjE2LDEwLjg0NC0xMi43MjgsMC0yMC43NDQtOC45NTgtMjAuNzQ0LTE4Ljg1OGExOC4xMjEsMTguMTIxLDAsMCwxLDMuNzczLTExLjMxNWwzNy43MTUtNTMuNzQ0YTI3LjQ4NiwyNy40ODYsMCwwLDEsMjIuNjI4LTExLjMxNGMxMi4yNiwwLDIwLjc0NCw4Ljk1NywyMC43NDQsMTguODU4YTE4LjExLDE4LjExLDAsMCwxLTMuNzcxLDExLjMxM1ptLTE0LjYxNyw1Mi44LDU5LjQsODMuOTE3YTE5LjcxNywxOS43MTcsMCwwLDEsNC4yNDEsMTIuNzI5YzAsOS45LTguMDE0LDE3LjQ0My0yMC4yNzIsMTcuNDQzLTkuOSwwLTE3LjkxNC0zLjMtMjMuMS0xMC44NDNsLTYwLjgxNi04Ni4yNzNjLTcuNTQ0LTEwLjM3MS0xNi4wMy0xNi45NzMtMzEuMTE2LTIzLjU3Mi0xNi4wMjgtNy41NDQtMjcuODE0LTE3LjkxNS0zNC40MTUtMjYuODcybC01MS44NTctNzMuNTQ2Yy0yLjM1Ny0zLjc3Mi0zLjc3My03LjU0My0zLjc3My0xMS4zMTMsMC05LjksOC40ODctMTguODU4LDIwLjc0My0xOC44NTgsOS45LDAsMTcuOTE2LDQuMjQ0LDIyLjYyOSwxMS4zMTRsNTAuNDQzLDcyLjEzMWM5LjQyOSwxMy4yLDE1LjU1OSwxNi41LDMyLjA2MSwyNC45ODQsMTYuOTY5LDguMDE2LDI3LjM0NCwxNi45NzIsMzUuODI3LDI4Ljc1OG0tMTI1LjQsMTAzLjI0NmMtNS4xODYsNy41NDQtMTIuNzI5LDEwLjg0My0yMi42MjksMTAuODQzLTEyLjI1OCwwLTIwLjc0NS03LjU0Mi0yMC43NDUtMTcuNDQzYTIyLjgyMywyMi44MjMsMCwwLDEsNC4yNDItMTIuNzI5bDQ1LjczMS02NC41ODZjNS4xODYtNy41NDMsMTMuMi0xMC44NDMsMjMuMS0xMC44NDMsMTEuNzg4LDAsMjAuMjcyLDguMDEzLDIwLjI3MiwxNy45MTMsMCwzLjc3Mi0xLjQxNSw4LjAxNi00LjI0MywxMi4yNThaIiB0cmFuc2Zvcm09InRyYW5zbGF0ZSgtMTg3LjY4MiAtOTAuOTkyKSIgZmlsbD0iI2RhYWEwMCIgb3BhY2l0eT0iMC44NTMiLz4NCjwvc3ZnPg0K[\/vc_raw_html][\/vc_column_inner][\/vc_row_inner][vc_empty_space height=&#8221;50px&#8221;][vc_row_inner row_type=&#8221;row&#8221; type=&#8221;full_width&#8221; text_align=&#8221;left&#8221; css_animation=&#8221;&#8221; el_class=&#8221;impressumsreihe&#8221;][vc_column_inner width=&#8221;1\/3&#8243;][vc_column_text css=&#8221;&#8221;]<br \/>\n<strong>Znaki towarowe:<\/strong><br \/>\nO ile nie okre\u015blono inaczej, wszystkie znaki towarowe na stronach internetowych xalution s\u0105 chronione prawem znak\u00f3w towarowych. Dotyczy to w szczeg\u00f3lno\u015bci marek xalution, logo firmy i produkt\u00f3w.<br \/>\n[\/vc_column_text][\/vc_column_inner][vc_column_inner width=&#8221;1\/3&#8243;][vc_column_text css=&#8221;&#8221;]<br \/>\n<strong>Wy\u0142\u0105czenie odpowiedzialno\u015bci:<\/strong><br \/>\nPomimo starannej kontroli tre\u015bci, nie ponosimy \u017cadnej odpowiedzialno\u015bci za tre\u015b\u0107 link\u00f3w zewn\u0119trznych. Za tre\u015b\u0107 stron, do kt\u00f3rych prowadz\u0105 linki, odpowiadaj\u0105 wy\u0142\u0105cznie ich operatorzy.<\/p>\n<p>[\/vc_column_text][\/vc_column_inner][vc_column_inner width=&#8221;1\/3&#8243;][vc_empty_space height=&#8221;30px&#8221;][vc_column_text css=&#8221;&#8221;]Zawarto\u015b\u0107 naszej strony internetowej jest starannie redagowana i sprawdzana. xalution nie mo\u017ce jednak zagwarantowa\u0107, \u017ce podane informacje s\u0105 prawid\u0142owe, kompletne i aktualne.<\/p>\n<p>[\/vc_column_text][\/vc_column_inner][\/vc_row_inner][vc_empty_space height=&#8221;130px&#8221;][\/vc_column][\/vc_row]<\/p>\n<\/div>","protected":false},"excerpt":{"rendered":"<p>[vc_row css_animation=&#8221;&#8221; row_type=&#8221;row&#8221; use_row_as_full_screen_section=&#8221;no&#8221; type=&#8221;full_width&#8221; angled_section=&#8221;no&#8221; text_align=&#8221;left&#8221; background_image_as_pattern=&#8221;without_pattern&#8221; css=&#8221;.vc_custom_1620136563094{background-color: #1b213a !important;}&#8221; z_index=&#8221;&#8221;][vc_column css=&#8221;.vc_custom_1620136570327{background-color: #1b213a !important;}&#8221;][vc_empty_space height=&#8221;120&#8243;][\/vc_column][\/vc_row][vc_row css_animation=&#8221;&#8221; row_type=&#8221;row&#8221; use_row_as_full_screen_section=&#8221;no&#8221; type=&#8221;grid&#8221;&#8230;<\/p>\n","protected":false},"author":1,"featured_media":0,"parent":0,"menu_order":0,"comment_status":"closed","ping_status":"closed","template":"full_width.php","meta":{"inline_featured_image":false,"footnotes":""},"class_list":["post-42797","page","type-page","status-publish","hentry"],"yoast_head":"<!-- This site is optimized with the Yoast SEO plugin v27.4 - https:\/\/yoast.com\/product\/yoast-seo-wordpress\/ -->\n<title>xalution | Eksperci od zwinnych rozwi\u0105za\u0144 Microsoft Dynamics 365<\/title>\n<meta name=\"description\" content=\"xalution - partner Microsoft Dynamics 365 w Niemczech, Szwajcarii i Europie Wschodniej w zakresie rozwi\u0105za\u0144 ERP, \u0142a\u0144cucha dostaw oraz finans\u00f3w i operacji.\" \/>\n<meta name=\"robots\" content=\"index, follow, max-snippet:-1, max-image-preview:large, max-video-preview:-1\" \/>\n<link rel=\"canonical\" href=\"https:\/\/www.xalution.com\/pl\/nadruk\/\" \/>\n<meta property=\"og:locale\" content=\"pl_PL\" \/>\n<meta property=\"og:type\" content=\"article\" \/>\n<meta property=\"og:title\" content=\"xalution | Eksperci od zwinnych rozwi\u0105za\u0144 Microsoft Dynamics 365\" \/>\n<meta property=\"og:description\" content=\"xalution - partner Microsoft Dynamics 365 w Niemczech, Szwajcarii i Europie Wschodniej w zakresie rozwi\u0105za\u0144 ERP, \u0142a\u0144cucha dostaw oraz finans\u00f3w i operacji.\" \/>\n<meta property=\"og:url\" content=\"https:\/\/www.xalution.com\/pl\/nadruk\/\" \/>\n<meta property=\"og:site_name\" content=\"xalution - experts for agile solutions\" \/>\n<meta property=\"article:publisher\" content=\"https:\/\/www.facebook.com\/xalution\/\" \/>\n<meta property=\"article:modified_time\" content=\"2026-04-21T08:21:23+00:00\" \/>\n<meta name=\"twitter:card\" content=\"summary_large_image\" \/>\n<meta name=\"twitter:label1\" content=\"Szacowany czas czytania\" \/>\n\t<meta name=\"twitter:data1\" content=\"2 minuty\" \/>\n<script type=\"application\/ld+json\" class=\"yoast-schema-graph\">{\"@context\":\"https:\\\/\\\/schema.org\",\"@graph\":[{\"@type\":\"WebPage\",\"@id\":\"https:\\\/\\\/www.xalution.com\\\/pl\\\/nadruk\\\/\",\"url\":\"https:\\\/\\\/www.xalution.com\\\/pl\\\/nadruk\\\/\",\"name\":\"xalution | Eksperci od zwinnych rozwi\u0105za\u0144 Microsoft Dynamics 365\",\"isPartOf\":{\"@id\":\"https:\\\/\\\/www.xalution.com\\\/#website\"},\"datePublished\":\"2025-02-03T12:40:04+00:00\",\"dateModified\":\"2026-04-21T08:21:23+00:00\",\"description\":\"xalution - partner Microsoft Dynamics 365 w Niemczech, Szwajcarii i Europie Wschodniej w zakresie rozwi\u0105za\u0144 ERP, \u0142a\u0144cucha dostaw oraz finans\u00f3w i operacji.\",\"breadcrumb\":{\"@id\":\"https:\\\/\\\/www.xalution.com\\\/pl\\\/nadruk\\\/#breadcrumb\"},\"inLanguage\":\"pl-PL\",\"potentialAction\":[{\"@type\":\"ReadAction\",\"target\":[\"https:\\\/\\\/www.xalution.com\\\/pl\\\/nadruk\\\/\"]}]},{\"@type\":\"BreadcrumbList\",\"@id\":\"https:\\\/\\\/www.xalution.com\\\/pl\\\/nadruk\\\/#breadcrumb\",\"itemListElement\":[{\"@type\":\"ListItem\",\"position\":1,\"name\":\"Home\",\"item\":\"https:\\\/\\\/www.xalution.com\\\/pl\\\/\"},{\"@type\":\"ListItem\",\"position\":2,\"name\":\"Struktura Holdingu\"}]},{\"@type\":\"WebSite\",\"@id\":\"https:\\\/\\\/www.xalution.com\\\/#website\",\"url\":\"https:\\\/\\\/www.xalution.com\\\/\",\"name\":\"xalution - experts for agile solutions\",\"description\":\"Microsoft Dynamics 365 Solutions\",\"publisher\":{\"@id\":\"https:\\\/\\\/www.xalution.com\\\/#organization\"},\"potentialAction\":[{\"@type\":\"SearchAction\",\"target\":{\"@type\":\"EntryPoint\",\"urlTemplate\":\"https:\\\/\\\/www.xalution.com\\\/?s={search_term_string}\"},\"query-input\":{\"@type\":\"PropertyValueSpecification\",\"valueRequired\":true,\"valueName\":\"search_term_string\"}}],\"inLanguage\":\"pl-PL\"},{\"@type\":\"Organization\",\"@id\":\"https:\\\/\\\/www.xalution.com\\\/#organization\",\"name\":\"xalution group GmbH\",\"url\":\"https:\\\/\\\/www.xalution.com\\\/\",\"logo\":{\"@type\":\"ImageObject\",\"inLanguage\":\"pl-PL\",\"@id\":\"https:\\\/\\\/www.xalution.com\\\/#\\\/schema\\\/logo\\\/image\\\/\",\"url\":\"https:\\\/\\\/www.xalution.com\\\/wp-content\\\/uploads\\\/2023\\\/11\\\/xalution_logo_mattgold_CMYK_druck.png\",\"contentUrl\":\"https:\\\/\\\/www.xalution.com\\\/wp-content\\\/uploads\\\/2023\\\/11\\\/xalution_logo_mattgold_CMYK_druck.png\",\"width\":8860,\"height\":3000,\"caption\":\"xalution group GmbH\"},\"image\":{\"@id\":\"https:\\\/\\\/www.xalution.com\\\/#\\\/schema\\\/logo\\\/image\\\/\"},\"sameAs\":[\"https:\\\/\\\/www.facebook.com\\\/xalution\\\/\",\"https:\\\/\\\/www.linkedin.com\\\/company\\\/17963170\",\"https:\\\/\\\/www.xing.com\\\/pages\\\/xalutiongmbh\"]}]}<\/script>\n<!-- \/ Yoast SEO plugin. -->","yoast_head_json":{"title":"xalution | Eksperci od zwinnych rozwi\u0105za\u0144 Microsoft Dynamics 365","description":"xalution - partner Microsoft Dynamics 365 w Niemczech, Szwajcarii i Europie Wschodniej w zakresie rozwi\u0105za\u0144 ERP, \u0142a\u0144cucha dostaw oraz finans\u00f3w i operacji.","robots":{"index":"index","follow":"follow","max-snippet":"max-snippet:-1","max-image-preview":"max-image-preview:large","max-video-preview":"max-video-preview:-1"},"canonical":"https:\/\/www.xalution.com\/pl\/nadruk\/","og_locale":"pl_PL","og_type":"article","og_title":"xalution | Eksperci od zwinnych rozwi\u0105za\u0144 Microsoft Dynamics 365","og_description":"xalution - partner Microsoft Dynamics 365 w Niemczech, Szwajcarii i Europie Wschodniej w zakresie rozwi\u0105za\u0144 ERP, \u0142a\u0144cucha dostaw oraz finans\u00f3w i operacji.","og_url":"https:\/\/www.xalution.com\/pl\/nadruk\/","og_site_name":"xalution - experts for agile solutions","article_publisher":"https:\/\/www.facebook.com\/xalution\/","article_modified_time":"2026-04-21T08:21:23+00:00","twitter_card":"summary_large_image","twitter_misc":{"Szacowany czas czytania":"2 minuty"},"schema":{"@context":"https:\/\/schema.org","@graph":[{"@type":"WebPage","@id":"https:\/\/www.xalution.com\/pl\/nadruk\/","url":"https:\/\/www.xalution.com\/pl\/nadruk\/","name":"xalution | Eksperci od zwinnych rozwi\u0105za\u0144 Microsoft Dynamics 365","isPartOf":{"@id":"https:\/\/www.xalution.com\/#website"},"datePublished":"2025-02-03T12:40:04+00:00","dateModified":"2026-04-21T08:21:23+00:00","description":"xalution - partner Microsoft Dynamics 365 w Niemczech, Szwajcarii i Europie Wschodniej w zakresie rozwi\u0105za\u0144 ERP, \u0142a\u0144cucha dostaw oraz finans\u00f3w i operacji.","breadcrumb":{"@id":"https:\/\/www.xalution.com\/pl\/nadruk\/#breadcrumb"},"inLanguage":"pl-PL","potentialAction":[{"@type":"ReadAction","target":["https:\/\/www.xalution.com\/pl\/nadruk\/"]}]},{"@type":"BreadcrumbList","@id":"https:\/\/www.xalution.com\/pl\/nadruk\/#breadcrumb","itemListElement":[{"@type":"ListItem","position":1,"name":"Home","item":"https:\/\/www.xalution.com\/pl\/"},{"@type":"ListItem","position":2,"name":"Struktura Holdingu"}]},{"@type":"WebSite","@id":"https:\/\/www.xalution.com\/#website","url":"https:\/\/www.xalution.com\/","name":"xalution - experts for agile solutions","description":"Microsoft Dynamics 365 Solutions","publisher":{"@id":"https:\/\/www.xalution.com\/#organization"},"potentialAction":[{"@type":"SearchAction","target":{"@type":"EntryPoint","urlTemplate":"https:\/\/www.xalution.com\/?s={search_term_string}"},"query-input":{"@type":"PropertyValueSpecification","valueRequired":true,"valueName":"search_term_string"}}],"inLanguage":"pl-PL"},{"@type":"Organization","@id":"https:\/\/www.xalution.com\/#organization","name":"xalution group GmbH","url":"https:\/\/www.xalution.com\/","logo":{"@type":"ImageObject","inLanguage":"pl-PL","@id":"https:\/\/www.xalution.com\/#\/schema\/logo\/image\/","url":"https:\/\/www.xalution.com\/wp-content\/uploads\/2023\/11\/xalution_logo_mattgold_CMYK_druck.png","contentUrl":"https:\/\/www.xalution.com\/wp-content\/uploads\/2023\/11\/xalution_logo_mattgold_CMYK_druck.png","width":8860,"height":3000,"caption":"xalution group GmbH"},"image":{"@id":"https:\/\/www.xalution.com\/#\/schema\/logo\/image\/"},"sameAs":["https:\/\/www.facebook.com\/xalution\/","https:\/\/www.linkedin.com\/company\/17963170","https:\/\/www.xing.com\/pages\/xalutiongmbh"]}]}},"_links":{"self":[{"href":"https:\/\/www.xalution.com\/pl\/wp-json\/wp\/v2\/pages\/42797","targetHints":{"allow":["GET"]}}],"collection":[{"href":"https:\/\/www.xalution.com\/pl\/wp-json\/wp\/v2\/pages"}],"about":[{"href":"https:\/\/www.xalution.com\/pl\/wp-json\/wp\/v2\/types\/page"}],"author":[{"embeddable":true,"href":"https:\/\/www.xalution.com\/pl\/wp-json\/wp\/v2\/users\/1"}],"replies":[{"embeddable":true,"href":"https:\/\/www.xalution.com\/pl\/wp-json\/wp\/v2\/comments?post=42797"}],"version-history":[{"count":27,"href":"https:\/\/www.xalution.com\/pl\/wp-json\/wp\/v2\/pages\/42797\/revisions"}],"predecessor-version":[{"id":79086,"href":"https:\/\/www.xalution.com\/pl\/wp-json\/wp\/v2\/pages\/42797\/revisions\/79086"}],"wp:attachment":[{"href":"https:\/\/www.xalution.com\/pl\/wp-json\/wp\/v2\/media?parent=42797"}],"curies":[{"name":"wp","href":"https:\/\/api.w.org\/{rel}","templated":true}]}}