{"id":7069,"date":"2021-06-22T12:38:53","date_gmt":"2021-06-22T10:38:53","guid":{"rendered":"http:\/\/xalution.reingold.media\/novinky\/"},"modified":"2025-11-17T11:25:35","modified_gmt":"2025-11-17T10:25:35","slug":"novinky","status":"publish","type":"page","link":"https:\/\/www.xalution.com\/cs\/novinky\/","title":{"rendered":"Novinky"},"content":{"rendered":"<div class=\"wpb-content-wrapper\"><p>[vc_row css_animation=&#8220;&#8220; row_type=&#8220;row&#8220; use_row_as_full_screen_section=&#8220;no&#8220; type=&#8220;full_width&#8220; angled_section=&#8220;no&#8220; text_align=&#8220;left&#8220; background_image_as_pattern=&#8220;without_pattern&#8220; css=&#8220;.vc_custom_1669216684239{background-color: #1b213a !important;}&#8220; z_index=&#8220;&#8220;][vc_column][vc_empty_space height=&#8220;100&#8243;][\/vc_column][\/vc_row][vc_row css_animation=&#8220;&#8220; row_type=&#8220;row&#8220; use_row_as_full_screen_section=&#8220;no&#8220; type=&#8220;full_width&#8220; angled_section=&#8220;no&#8220; text_align=&#8220;left&#8220; background_image_as_pattern=&#8220;without_pattern&#8220;][vc_column][vc_empty_space height=&#8220;50&#8243;][\/vc_column][\/vc_row][vc_row css_animation=&#8220;&#8220; row_type=&#8220;row&#8220; use_row_as_full_screen_section=&#8220;no&#8220; type=&#8220;grid&#8220; angled_section=&#8220;no&#8220; text_align=&#8220;left&#8220; background_image_as_pattern=&#8220;without_pattern&#8220; z_index=&#8220;&#8220;][vc_column][vc_basic_grid post_type=&#8220;post&#8220; max_items=&#8220;&#8220; show_filter=&#8220;yes&#8220; filter_default_title=&#8220;V\u0161echny&#8220; item=&#8220;masonryGrid_FadeIn&#8220; css=&#8220;&#8220; grid_id=&#8220;vc_gid:1763375112123-5a1c3d39-a896-5&#8243; filter_source=&#8220;category&#8220;][\/vc_column][\/vc_row][vc_row css_animation=&#8220;&#8220; row_type=&#8220;row&#8220; use_row_as_full_screen_section=&#8220;no&#8220; type=&#8220;full_width&#8220; angled_section=&#8220;no&#8220; text_align=&#8220;left&#8220; background_image_as_pattern=&#8220;without_pattern&#8220;][vc_column][vc_empty_space height=&#8220;50&#8243;][\/vc_column][\/vc_row]<\/p>\n<\/div>","protected":false},"excerpt":{"rendered":"<p>[vc_row css_animation=&#8220;&#8220; row_type=&#8220;row&#8220; use_row_as_full_screen_section=&#8220;no&#8220; type=&#8220;full_width&#8220; angled_section=&#8220;no&#8220; text_align=&#8220;left&#8220; background_image_as_pattern=&#8220;without_pattern&#8220; css=&#8220;.vc_custom_1669216684239{background-color: #1b213a !important;}&#8220; z_index=&#8220;&#8220;][vc_column][vc_empty_space height=&#8220;100&#8243;][\/vc_column][\/vc_row][vc_row css_animation=&#8220;&#8220; row_type=&#8220;row&#8220; use_row_as_full_screen_section=&#8220;no&#8220; type=&#8220;full_width&#8220; angled_section=&#8220;no&#8220; text_align=&#8220;left&#8220; background_image_as_pattern=&#8220;without_pattern&#8220;][vc_column][vc_empty_space&#8230;<\/p>\n","protected":false},"author":1,"featured_media":0,"parent":0,"menu_order":0,"comment_status":"closed","ping_status":"closed","template":"","meta":{"inline_featured_image":false,"footnotes":""},"class_list":["post-7069","page","type-page","status-publish","hentry"],"yoast_head":"<!-- This site is optimized with the Yoast SEO plugin v27.4 - https:\/\/yoast.com\/product\/yoast-seo-wordpress\/ -->\n<title>Novinky - xalution - experts for agile solutions<\/title>\n<meta name=\"robots\" content=\"index, follow, max-snippet:-1, max-image-preview:large, max-video-preview:-1\" \/>\n<link rel=\"canonical\" href=\"https:\/\/www.xalution.com\/cs\/novinky\/\" \/>\n<meta property=\"og:locale\" content=\"cs_CZ\" \/>\n<meta property=\"og:type\" content=\"article\" \/>\n<meta property=\"og:title\" content=\"Novinky - xalution - experts for agile solutions\" \/>\n<meta property=\"og:description\" content=\"[vc_row css_animation=&#8220;&#8220; row_type=&#8220;row&#8220; use_row_as_full_screen_section=&#8220;no&#8220; type=&#8220;full_width&#8220; angled_section=&#8220;no&#8220; text_align=&#8220;left&#8220; background_image_as_pattern=&#8220;without_pattern&#8220; css=&#8220;.vc_custom_1669216684239{background-color: #1b213a !important;}&#8220; z_index=&#8220;&#8220;][vc_column][vc_empty_space height=&#8220;100&#8243;][\/vc_column][\/vc_row][vc_row css_animation=&#8220;&#8220; row_type=&#8220;row&#8220; use_row_as_full_screen_section=&#8220;no&#8220; type=&#8220;full_width&#8220; angled_section=&#8220;no&#8220; text_align=&#8220;left&#8220; background_image_as_pattern=&#8220;without_pattern&#8220;][vc_column][vc_empty_space...\" \/>\n<meta property=\"og:url\" content=\"https:\/\/www.xalution.com\/cs\/novinky\/\" \/>\n<meta property=\"og:site_name\" content=\"xalution - experts for agile solutions\" \/>\n<meta property=\"article:publisher\" content=\"https:\/\/www.facebook.com\/xalution\/\" \/>\n<meta property=\"article:modified_time\" content=\"2025-11-17T10:25:35+00:00\" \/>\n<meta name=\"twitter:card\" content=\"summary_large_image\" \/>\n<meta name=\"twitter:label1\" content=\"Odhadovan\u00e1 doba \u010dten\u00ed\" \/>\n\t<meta name=\"twitter:data1\" content=\"1 minuta\" \/>\n<script type=\"application\/ld+json\" class=\"yoast-schema-graph\">{\"@context\":\"https:\\\/\\\/schema.org\",\"@graph\":[{\"@type\":\"WebPage\",\"@id\":\"https:\\\/\\\/www.xalution.com\\\/cs\\\/novinky\\\/\",\"url\":\"https:\\\/\\\/www.xalution.com\\\/cs\\\/novinky\\\/\",\"name\":\"Novinky - xalution - experts for agile solutions\",\"isPartOf\":{\"@id\":\"https:\\\/\\\/www.xalution.com\\\/#website\"},\"datePublished\":\"2021-06-22T10:38:53+00:00\",\"dateModified\":\"2025-11-17T10:25:35+00:00\",\"breadcrumb\":{\"@id\":\"https:\\\/\\\/www.xalution.com\\\/cs\\\/novinky\\\/#breadcrumb\"},\"inLanguage\":\"cs\",\"potentialAction\":[{\"@type\":\"ReadAction\",\"target\":[\"https:\\\/\\\/www.xalution.com\\\/cs\\\/novinky\\\/\"]}]},{\"@type\":\"BreadcrumbList\",\"@id\":\"https:\\\/\\\/www.xalution.com\\\/cs\\\/novinky\\\/#breadcrumb\",\"itemListElement\":[{\"@type\":\"ListItem\",\"position\":1,\"name\":\"Home\",\"item\":\"https:\\\/\\\/www.xalution.com\\\/cs\\\/\"},{\"@type\":\"ListItem\",\"position\":2,\"name\":\"Novinky\"}]},{\"@type\":\"WebSite\",\"@id\":\"https:\\\/\\\/www.xalution.com\\\/#website\",\"url\":\"https:\\\/\\\/www.xalution.com\\\/\",\"name\":\"xalution - experts for agile solutions\",\"description\":\"Za\u010dn\u011bte s digitalizac\u00ed\",\"publisher\":{\"@id\":\"https:\\\/\\\/www.xalution.com\\\/#organization\"},\"potentialAction\":[{\"@type\":\"SearchAction\",\"target\":{\"@type\":\"EntryPoint\",\"urlTemplate\":\"https:\\\/\\\/www.xalution.com\\\/?s={search_term_string}\"},\"query-input\":{\"@type\":\"PropertyValueSpecification\",\"valueRequired\":true,\"valueName\":\"search_term_string\"}}],\"inLanguage\":\"cs\"},{\"@type\":\"Organization\",\"@id\":\"https:\\\/\\\/www.xalution.com\\\/#organization\",\"name\":\"xalution group GmbH\",\"url\":\"https:\\\/\\\/www.xalution.com\\\/\",\"logo\":{\"@type\":\"ImageObject\",\"inLanguage\":\"cs\",\"@id\":\"https:\\\/\\\/www.xalution.com\\\/#\\\/schema\\\/logo\\\/image\\\/\",\"url\":\"https:\\\/\\\/www.xalution.com\\\/wp-content\\\/uploads\\\/2023\\\/11\\\/xalution_logo_mattgold_CMYK_druck.png\",\"contentUrl\":\"https:\\\/\\\/www.xalution.com\\\/wp-content\\\/uploads\\\/2023\\\/11\\\/xalution_logo_mattgold_CMYK_druck.png\",\"width\":8860,\"height\":3000,\"caption\":\"xalution group GmbH\"},\"image\":{\"@id\":\"https:\\\/\\\/www.xalution.com\\\/#\\\/schema\\\/logo\\\/image\\\/\"},\"sameAs\":[\"https:\\\/\\\/www.facebook.com\\\/xalution\\\/\",\"https:\\\/\\\/www.linkedin.com\\\/company\\\/17963170\",\"https:\\\/\\\/www.xing.com\\\/pages\\\/xalutiongmbh\"]}]}<\/script>\n<!-- \/ Yoast SEO plugin. -->","yoast_head_json":{"title":"Novinky - xalution - experts for agile solutions","robots":{"index":"index","follow":"follow","max-snippet":"max-snippet:-1","max-image-preview":"max-image-preview:large","max-video-preview":"max-video-preview:-1"},"canonical":"https:\/\/www.xalution.com\/cs\/novinky\/","og_locale":"cs_CZ","og_type":"article","og_title":"Novinky - xalution - experts for agile solutions","og_description":"[vc_row css_animation=&#8220;&#8220; row_type=&#8220;row&#8220; use_row_as_full_screen_section=&#8220;no&#8220; type=&#8220;full_width&#8220; angled_section=&#8220;no&#8220; text_align=&#8220;left&#8220; background_image_as_pattern=&#8220;without_pattern&#8220; css=&#8220;.vc_custom_1669216684239{background-color: #1b213a !important;}&#8220; z_index=&#8220;&#8220;][vc_column][vc_empty_space height=&#8220;100&#8243;][\/vc_column][\/vc_row][vc_row css_animation=&#8220;&#8220; row_type=&#8220;row&#8220; use_row_as_full_screen_section=&#8220;no&#8220; type=&#8220;full_width&#8220; angled_section=&#8220;no&#8220; text_align=&#8220;left&#8220; background_image_as_pattern=&#8220;without_pattern&#8220;][vc_column][vc_empty_space...","og_url":"https:\/\/www.xalution.com\/cs\/novinky\/","og_site_name":"xalution - experts for agile solutions","article_publisher":"https:\/\/www.facebook.com\/xalution\/","article_modified_time":"2025-11-17T10:25:35+00:00","twitter_card":"summary_large_image","twitter_misc":{"Odhadovan\u00e1 doba \u010dten\u00ed":"1 minuta"},"schema":{"@context":"https:\/\/schema.org","@graph":[{"@type":"WebPage","@id":"https:\/\/www.xalution.com\/cs\/novinky\/","url":"https:\/\/www.xalution.com\/cs\/novinky\/","name":"Novinky - xalution - experts for agile solutions","isPartOf":{"@id":"https:\/\/www.xalution.com\/#website"},"datePublished":"2021-06-22T10:38:53+00:00","dateModified":"2025-11-17T10:25:35+00:00","breadcrumb":{"@id":"https:\/\/www.xalution.com\/cs\/novinky\/#breadcrumb"},"inLanguage":"cs","potentialAction":[{"@type":"ReadAction","target":["https:\/\/www.xalution.com\/cs\/novinky\/"]}]},{"@type":"BreadcrumbList","@id":"https:\/\/www.xalution.com\/cs\/novinky\/#breadcrumb","itemListElement":[{"@type":"ListItem","position":1,"name":"Home","item":"https:\/\/www.xalution.com\/cs\/"},{"@type":"ListItem","position":2,"name":"Novinky"}]},{"@type":"WebSite","@id":"https:\/\/www.xalution.com\/#website","url":"https:\/\/www.xalution.com\/","name":"xalution - experts for agile solutions","description":"Za\u010dn\u011bte s digitalizac\u00ed","publisher":{"@id":"https:\/\/www.xalution.com\/#organization"},"potentialAction":[{"@type":"SearchAction","target":{"@type":"EntryPoint","urlTemplate":"https:\/\/www.xalution.com\/?s={search_term_string}"},"query-input":{"@type":"PropertyValueSpecification","valueRequired":true,"valueName":"search_term_string"}}],"inLanguage":"cs"},{"@type":"Organization","@id":"https:\/\/www.xalution.com\/#organization","name":"xalution group GmbH","url":"https:\/\/www.xalution.com\/","logo":{"@type":"ImageObject","inLanguage":"cs","@id":"https:\/\/www.xalution.com\/#\/schema\/logo\/image\/","url":"https:\/\/www.xalution.com\/wp-content\/uploads\/2023\/11\/xalution_logo_mattgold_CMYK_druck.png","contentUrl":"https:\/\/www.xalution.com\/wp-content\/uploads\/2023\/11\/xalution_logo_mattgold_CMYK_druck.png","width":8860,"height":3000,"caption":"xalution group GmbH"},"image":{"@id":"https:\/\/www.xalution.com\/#\/schema\/logo\/image\/"},"sameAs":["https:\/\/www.facebook.com\/xalution\/","https:\/\/www.linkedin.com\/company\/17963170","https:\/\/www.xing.com\/pages\/xalutiongmbh"]}]}},"_links":{"self":[{"href":"https:\/\/www.xalution.com\/cs\/wp-json\/wp\/v2\/pages\/7069","targetHints":{"allow":["GET"]}}],"collection":[{"href":"https:\/\/www.xalution.com\/cs\/wp-json\/wp\/v2\/pages"}],"about":[{"href":"https:\/\/www.xalution.com\/cs\/wp-json\/wp\/v2\/types\/page"}],"author":[{"embeddable":true,"href":"https:\/\/www.xalution.com\/cs\/wp-json\/wp\/v2\/users\/1"}],"replies":[{"embeddable":true,"href":"https:\/\/www.xalution.com\/cs\/wp-json\/wp\/v2\/comments?post=7069"}],"version-history":[{"count":21,"href":"https:\/\/www.xalution.com\/cs\/wp-json\/wp\/v2\/pages\/7069\/revisions"}],"predecessor-version":[{"id":70116,"href":"https:\/\/www.xalution.com\/cs\/wp-json\/wp\/v2\/pages\/7069\/revisions\/70116"}],"wp:attachment":[{"href":"https:\/\/www.xalution.com\/cs\/wp-json\/wp\/v2\/media?parent=7069"}],"curies":[{"name":"wp","href":"https:\/\/api.w.org\/{rel}","templated":true}]}}