{"id":7033,"date":"2021-06-20T17:18:29","date_gmt":"2021-06-20T15:18:29","guid":{"rendered":"http:\/\/xalution.reingold.media\/kontakt\/"},"modified":"2026-04-20T14:55:43","modified_gmt":"2026-04-20T12:55:43","slug":"kontakt","status":"publish","type":"page","link":"https:\/\/www.xalution.com\/cs\/kontakt\/","title":{"rendered":"Kontakt"},"content":{"rendered":"<div class=\"wpb-content-wrapper\"><p>[vc_row css_animation=&#8220;&#8220; row_type=&#8220;row&#8220; use_row_as_full_screen_section=&#8220;no&#8220; type=&#8220;full_width&#8220; angled_section=&#8220;no&#8220; text_align=&#8220;left&#8220; background_image_as_pattern=&#8220;without_pattern&#8220;][vc_column el_class=&#8220;hide770&#8243;]\n\t\t\t\t<p class=\"rs-p-wp-fix\"><\/p>\n\t\t\t\t<sr7-module data-alias=\"kontakt-11\" data-id=\"53\" id=\"SR7_53_1\" class=\"rs-ov-hidden\" data-version=\"6.7.41\">\n\t\t\t\t\t<sr7-adjuster><\/sr7-adjuster>\n\t\t\t\t\t<sr7-content>\n\t\t\t\t\t\t<sr7-slide id=\"SR7_53_1-77\" data-key=\"77\">\n\t\t\t\t\t\t\t<sr7-bg id=\"SR7_53_1-77-4\" class=\"sr7-layer\"><noscript><img decoding=\"async\" src=\"http:\/\/www.xalution.com\/wp-content\/uploads\/2021\/04\/Header_Kontakt-2.jpg\" alt=\"xalution ist der Microsoft Dynamics 365 Partner f\u00fcr agile ERP-, Supply Chain- und Finance &amp; Operations-L\u00f6sungen\" title=\"xalution | Your experts for agile solutions &#8211; Deutschland | Schweiz | Tschechien | Slowakei\"><\/noscript><\/sr7-bg>\n\t\t\t\t\t\t\t<sr7-txt id=\"SR7_53_1-77-1\" class=\"sr7-layer\">Mnoho obor\u016f - jeden c\u00edl:<br\/>\nV\u00e1\u0161 obchodn\u00ed \u00fasp\u011bch<\/sr7-txt>\n\t\t\t\t\t\t\t<sr7-txt id=\"SR7_53_1-77-2\" class=\"sr7-layer\">Za\u010dn\u011bte s digit\u00e1ln\u00ed transformac\u00ed sv\u00e9 firmy a \nutv\u00e1\u0159ejte ji\u017e dnes budoucnost s viz\u00ed!<\/sr7-txt>\n\t\t\t\t\t\t\t<a id=\"SR7_53_1-77-3\" class=\"sr7-layer\" href=\"\/cs\/kontakt\/#kontakt\" target=\"_self\">Kontaktujte n\u00e1s!<\/a>\n\t\t\t\t\t\t<\/sr7-slide>\n\t\t\t\t\t\t<sr7-slide id=\"SR7_53_1-229\" data-key=\"229\">\n\t\t\t\t\t\t<\/sr7-slide>\n\t\t\t\t\t<\/sr7-content>\n\t\t\t\t\t<image_lists style=\"display:none\">\n\t\t\t\t\t\t<img data-src=\"\/\/www.xalution.com\/wp-content\/uploads\/2021\/04\/Header_Kontakt-2.jpg\" data-libid=\"5939\" data-lib=\"medialibrary\" alt=\"xalution ist der Microsoft Dynamics 365 Partner f\u00fcr agile ERP-, Supply Chain- und Finance &amp; Operations-L\u00f6sungen\" title=\"xalution | Your experts for agile solutions &#8211; Deutschland | Schweiz | Tschechien | Slowakei\" width=\"0\" height=\"0\" data-dbsrc=\"Ly93d3cueGFsdXRpb24uY29tL3dwLWNvbnRlbnQvdXBsb2Fkcy8yMDIxLzA0L0hlYWRlcl9Lb250YWt0LTIuanBn\"\/>\n\t\t\t\t\t<\/image_lists>\n\t\t\t\t<\/sr7-module>\n\t\t\t\t<script>\n\t\t\t\t\tSR7.PMH ??={}; SR7.PMH[\"SR7_53_1\"] = {cn:100,state:false,fn: function() { if (_tpt!==undefined && _tpt.prepareModuleHeight !== undefined) {  _tpt.prepareModuleHeight({id:\"SR7_53_1\",el:[900,900,768,960,720],type:'hero',shdw:'0',gh:[900,900,614,466,288],gw:[1500,1500,1024,778,480],vpt:['-200px'],size:{fullWidth:true, fullHeight:true},fho:'',mh:'0',onh:0,onw:0,bg:{color:'{\"orig\":\"transparent\",\"type\":\"solid\",\"string\":\"transparent\"}'}});   SR7.PMH[\"SR7_53_1\"].state=true;} else if(SR7.PMH[\"SR7_53_1\"].cn-->0)\tsetTimeout( SR7.PMH[\"SR7_53_1\"].fn,19);}};SR7.PMH[\"SR7_53_1\" ].fn();\n\t\t\t\t<\/script>\n[\/vc_column][\/vc_row][vc_row css_animation=&#8220;&#8220; row_type=&#8220;row&#8220; use_row_as_full_screen_section=&#8220;no&#8220; type=&#8220;full_width&#8220; angled_section=&#8220;no&#8220; text_align=&#8220;left&#8220; background_image_as_pattern=&#8220;without_pattern&#8220;][vc_column el_class=&#8220;show770&#8243;]\n\t\t\t\t<p class=\"rs-p-wp-fix\"><\/p>\n\t\t\t\t<sr7-module data-alias=\"kontakt-mobil-11\" data-id=\"62\" id=\"SR7_62_2\" class=\"rs-ov-hidden\" data-version=\"6.7.41\">\n\t\t\t\t\t<sr7-adjuster><\/sr7-adjuster>\n\t\t\t\t\t<sr7-content>\n\t\t\t\t\t\t<sr7-slide id=\"SR7_62_2-88\" data-key=\"88\">\n\t\t\t\t\t\t\t<sr7-bg id=\"SR7_62_2-88-4\" class=\"sr7-layer\"><noscript><img decoding=\"async\" src=\"http:\/\/www.xalution.com\/wp-content\/uploads\/2021\/05\/Header_Tablet-09.jpg\" alt=\"xalution ist der Microsoft Dynamics 365 Partner f\u00fcr agile ERP-, Supply Chain- und Finance &amp; Operations-L\u00f6sungen\" title=\"xalution | Your experts for agile solutions &#8211; Deutschland | Schweiz | Tschechien | Slowakei\"><\/noscript><\/sr7-bg>\n\t\t\t\t\t\t\t<sr7-txt id=\"SR7_62_2-88-1\" class=\"sr7-layer\">Mnoho obor\u016f - jeden c\u00edl:<br \/>\nV\u00e1\u0161 obchodn\u00ed \u00fasp\u011bch<\/sr7-txt>\n\t\t\t\t\t\t\t<sr7-txt id=\"SR7_62_2-88-2\" class=\"sr7-layer\">Za\u010dn\u011bte s digit\u00e1ln\u00ed transformac\u00ed sv\u00e9 firmy a utv\u00e1\u0159ejte ji\u017e dnes budoucnost s viz\u00ed!<br \/>\n<\/sr7-txt>\n\t\t\t\t\t\t\t<a id=\"SR7_62_2-88-3\" class=\"sr7-layer\" href=\"\/cs\/kontakt\/#kontakt\" target=\"_self\">Kontaktujte n\u00e1s!<\/a>\n\t\t\t\t\t\t<\/sr7-slide>\n\t\t\t\t\t\t<sr7-slide id=\"SR7_62_2-238\" data-key=\"238\">\n\t\t\t\t\t\t<\/sr7-slide>\n\t\t\t\t\t<\/sr7-content>\n\t\t\t\t\t<image_lists style=\"display:none\">\n\t\t\t\t\t\t<img data-src=\"\/\/www.xalution.com\/wp-content\/uploads\/2021\/05\/Header_Tablet-09.jpg\" data-libid=\"6421\" data-lib=\"medialibrary\" alt=\"xalution ist der Microsoft Dynamics 365 Partner f\u00fcr agile ERP-, Supply Chain- und Finance &amp; Operations-L\u00f6sungen\" title=\"xalution | Your experts for agile solutions &#8211; Deutschland | Schweiz | Tschechien | Slowakei\" width=\"0\" height=\"0\" data-dbsrc=\"Ly93d3cueGFsdXRpb24uY29tL3dwLWNvbnRlbnQvdXBsb2Fkcy8yMDIxLzA1L0hlYWRlcl9UYWJsZXQtMDkuanBn\"\/>\n\t\t\t\t\t<\/image_lists>\n\t\t\t\t<\/sr7-module>\n\t\t\t\t<script>\n\t\t\t\t\tSR7.PMH ??={}; SR7.PMH[\"SR7_62_2\"] = {cn:100,state:false,fn: function() { if (_tpt!==undefined && _tpt.prepareModuleHeight !== undefined) {  _tpt.prepareModuleHeight({id:\"SR7_62_2\",el:[1024,1024,1024,1024,720],type:'hero',shdw:'0',gh:[1024,1024,1024,1024,720],gw:[768,768,768,768,480],vpt:['-200px&#039;,&#039;-200px&#039;,&#039;-200px&#039;,&#039;-200px&#039;,&#039;-200px'],size:{fullWidth:true, fullHeight:true},fho:'',mh:'0',onh:0,onw:0,bg:{color:'{\"orig\":\"transparent\",\"type\":\"solid\",\"string\":\"transparent\"}'}});   SR7.PMH[\"SR7_62_2\"].state=true;} else if(SR7.PMH[\"SR7_62_2\"].cn-->0)\tsetTimeout( SR7.PMH[\"SR7_62_2\"].fn,19);}};SR7.PMH[\"SR7_62_2\" ].fn();\n\t\t\t\t<\/script>\n[\/vc_column][vc_column][vc_raw_html]PGEgbmFtZT0ia29udGFrdCI+IDwvYT4=[\/vc_raw_html][vc_empty_space height=&#8220;150px&#8220;][\/vc_column][\/vc_row][vc_row css_animation=&#8220;&#8220; row_type=&#8220;row&#8220; use_row_as_full_screen_section=&#8220;no&#8220; type=&#8220;grid&#8220; angled_section=&#8220;no&#8220; text_align=&#8220;left&#8220; background_image_as_pattern=&#8220;without_pattern&#8220; z_index=&#8220;&#8220;][vc_column width=&#8220;1\/6&#8243;][\/vc_column][vc_column width=&#8220;2\/3&#8243;][vc_column_text]<\/p>\n<h1 style=\"text-align: center;\">Nev\u00e1hejte n\u00e1s kontaktovat.<\/h1>\n<p>[\/vc_column_text][vc_column_text]<\/p>\n<p style=\"text-align: center;\">xalution p\u0159in\u00e1\u0161\u00ed optim\u00e1ln\u00ed digit\u00e1ln\u00ed \u0159e\u0161en\u00ed a nab\u00edz\u00ed celou \u0161irokou platformu Microsoft 365 a v\u0161echny souvisej\u00edc\u00ed slu\u017eby.<\/p>\n<p>[\/vc_column_text][vc_empty_space height=&#8220;30px&#8220;][\/vc_column][vc_column width=&#8220;1\/6&#8243;][\/vc_column][\/vc_row][vc_row css_animation=&#8220;&#8220; row_type=&#8220;row&#8220; use_row_as_full_screen_section=&#8220;no&#8220; type=&#8220;grid&#8220; angled_section=&#8220;no&#8220; text_align=&#8220;left&#8220; background_image_as_pattern=&#8220;without_pattern&#8220; z_index=&#8220;&#8220;][vc_column][vc_raw_html]W2NvbnRhY3QtZm9ybS03IGlkPSI2NTQ0IiB0aXRsZT0iS29udGFrdCBjc3oiXQ==[\/vc_raw_html][\/vc_column][\/vc_row][vc_row css_animation=&#8220;&#8220; row_type=&#8220;row&#8220; use_row_as_full_screen_section=&#8220;no&#8220; type=&#8220;full_width&#8220; angled_section=&#8220;no&#8220; text_align=&#8220;left&#8220; background_image_as_pattern=&#8220;without_pattern&#8220;][vc_column width=&#8220;1\/4&#8243;][\/vc_column][vc_column width=&#8220;1\/2&#8243;][vc_empty_space height=&#8220;60px&#8220;][vc_column_text css=&#8220;&#8220;]<\/p>\n<h3 style=\"text-align: center;\"><span style=\"color: #60687a;\">Rad\u011bji si kr\u00e1tce zavolat?<\/span><\/h3>\n<p>[\/vc_column_text][vc_empty_space height=&#8220;20px&#8220;][\/vc_column][vc_column width=&#8220;1\/4&#8243;][\/vc_column][\/vc_row][vc_row css_animation=&#8220;&#8220; row_type=&#8220;row&#8220; use_row_as_full_screen_section=&#8220;no&#8220; type=&#8220;full_width&#8220; angled_section=&#8220;no&#8220; text_align=&#8220;left&#8220; background_image_as_pattern=&#8220;without_pattern&#8220;][vc_column width=&#8220;1\/4&#8243;][vc_column_text css=&#8220;&#8220;]<\/p>\n<p style=\"text-align: center;\"><strong>N\u011bmecko<\/strong><\/p>\n<p style=\"text-align: center;\">+49 911 148 869 19<\/p>\n<p>[\/vc_column_text][\/vc_column][vc_column width=&#8220;1\/4&#8243;][vc_column_text css=&#8220;&#8220;]<\/p>\n<p style=\"text-align: center;\"><strong>\u010cesk\u00e1 republika<\/strong><\/p>\n<p style=\"text-align: center;\">+420 737 294 185<\/p>\n<p>[\/vc_column_text][\/vc_column][vc_column width=&#8220;1\/4&#8243;][vc_column_text css=&#8220;&#8220;]<\/p>\n<p style=\"text-align: center;\"><strong>\u0160v\u00fdcarsko<\/strong><\/p>\n<p style=\"text-align: center;\">+41 43 508 20 24<\/p>\n<p>[\/vc_column_text][\/vc_column][vc_column width=&#8220;1\/4&#8243;][vc_column_text css=&#8220;&#8220;]<\/p>\n<p style=\"text-align: center;\"><strong>Polsko<\/strong><\/p>\n<p style=\"text-align: center;\">+48 880 609 813<\/p>\n<p>[\/vc_column_text][\/vc_column][\/vc_row][vc_row css_animation=&#8220;&#8220; row_type=&#8220;row&#8220; use_row_as_full_screen_section=&#8220;no&#8220; type=&#8220;full_width&#8220; angled_section=&#8220;no&#8220; text_align=&#8220;left&#8220; background_image_as_pattern=&#8220;without_pattern&#8220;][vc_column width=&#8220;1\/4&#8243;][\/vc_column][vc_column width=&#8220;1\/2&#8243;][vc_column_text css=&#8220;&#8220;]<\/p>\n<p style=\"text-align: center;\"><a href=\"https:\/\/www.xalution.com\/cs\/impresum\/\"><span style=\"color: #daaa00;\"><strong>Dal\u0161\u00ed mo\u017enosti kontaktu<\/strong><\/span><\/a><\/p>\n<p>[\/vc_column_text][vc_empty_space height=&#8220;150px&#8220;][\/vc_column][vc_column width=&#8220;1\/4&#8243;][\/vc_column][\/vc_row][vc_row css_animation=&#8220;&#8220; row_type=&#8220;row&#8220; use_row_as_full_screen_section=&#8220;no&#8220; type=&#8220;full_width&#8220; angled_section=&#8220;no&#8220; text_align=&#8220;left&#8220; background_image_as_pattern=&#8220;without_pattern&#8220; el_class=&#8220;einklinker&#8220; z_index=&#8220;&#8220;][vc_column el_class=&#8220;inner&#8220;][vc_column_text css=&#8220;&#8220;]<\/p>\n<h4><a href=\"https:\/\/www.xalution.com\/de\/x4inspire\/\">x4inspire \u2013 MORNING SESSIONS:<br \/>\n12. listopadu v Curychu!<\/a><\/h4>\n<p>[\/vc_column_text][\/vc_column][\/vc_row]<\/p>\n<\/div>","protected":false},"excerpt":{"rendered":"<p>[vc_row css_animation=&#8220;&#8220; row_type=&#8220;row&#8220; use_row_as_full_screen_section=&#8220;no&#8220; type=&#8220;full_width&#8220; angled_section=&#8220;no&#8220; text_align=&#8220;left&#8220; background_image_as_pattern=&#8220;without_pattern&#8220;][vc_column el_class=&#8220;hide770&#8243;][\/vc_column][\/vc_row][vc_row css_animation=&#8220;&#8220; row_type=&#8220;row&#8220; use_row_as_full_screen_section=&#8220;no&#8220; type=&#8220;full_width&#8220; angled_section=&#8220;no&#8220; text_align=&#8220;left&#8220; background_image_as_pattern=&#8220;without_pattern&#8220;][vc_column el_class=&#8220;show770&#8243;][\/vc_column][vc_column][vc_raw_html]PGEgbmFtZT0ia29udGFrdCI+IDwvYT4=[\/vc_raw_html][vc_empty_space height=&#8220;150px&#8220;][\/vc_column][\/vc_row][vc_row css_animation=&#8220;&#8220; row_type=&#8220;row&#8220;&#8230;<\/p>\n","protected":false},"author":1,"featured_media":0,"parent":0,"menu_order":0,"comment_status":"closed","ping_status":"closed","template":"full_width.php","meta":{"inline_featured_image":false,"footnotes":""},"class_list":["post-7033","page","type-page","status-publish","hentry"],"yoast_head":"<!-- This site is optimized with the Yoast SEO plugin v27.4 - https:\/\/yoast.com\/product\/yoast-seo-wordpress\/ -->\n<title>Kontakt - xalution - experts for agile solutions<\/title>\n<meta name=\"robots\" content=\"index, follow, max-snippet:-1, max-image-preview:large, max-video-preview:-1\" \/>\n<link rel=\"canonical\" href=\"https:\/\/www.xalution.com\/cs\/kontakt\/\" \/>\n<meta property=\"og:locale\" content=\"cs_CZ\" \/>\n<meta property=\"og:type\" content=\"article\" \/>\n<meta property=\"og:title\" content=\"Kontakt - xalution - experts for agile solutions\" \/>\n<meta property=\"og:description\" content=\"[vc_row css_animation=&#8220;&#8220; row_type=&#8220;row&#8220; use_row_as_full_screen_section=&#8220;no&#8220; type=&#8220;full_width&#8220; angled_section=&#8220;no&#8220; text_align=&#8220;left&#8220; background_image_as_pattern=&#8220;without_pattern&#8220;][vc_column el_class=&#8220;hide770&#8243;][\/vc_column][\/vc_row][vc_row css_animation=&#8220;&#8220; row_type=&#8220;row&#8220; use_row_as_full_screen_section=&#8220;no&#8220; type=&#8220;full_width&#8220; angled_section=&#8220;no&#8220; text_align=&#8220;left&#8220; background_image_as_pattern=&#8220;without_pattern&#8220;][vc_column el_class=&#8220;show770&#8243;][\/vc_column][vc_column][vc_raw_html]PGEgbmFtZT0ia29udGFrdCI+IDwvYT4=[\/vc_raw_html][vc_empty_space height=&#8220;150px&#8220;][\/vc_column][\/vc_row][vc_row css_animation=&#8220;&#8220; row_type=&#8220;row&#8220;...\" \/>\n<meta property=\"og:url\" content=\"https:\/\/www.xalution.com\/cs\/kontakt\/\" \/>\n<meta property=\"og:site_name\" content=\"xalution - experts for agile solutions\" \/>\n<meta property=\"article:publisher\" content=\"https:\/\/www.facebook.com\/xalution\/\" \/>\n<meta property=\"article:modified_time\" content=\"2026-04-20T12:55:43+00:00\" \/>\n<meta name=\"twitter:card\" content=\"summary_large_image\" \/>\n<meta name=\"twitter:label1\" content=\"Odhadovan\u00e1 doba \u010dten\u00ed\" \/>\n\t<meta name=\"twitter:data1\" content=\"1 minuta\" \/>\n<script type=\"application\/ld+json\" class=\"yoast-schema-graph\">{\"@context\":\"https:\\\/\\\/schema.org\",\"@graph\":[{\"@type\":\"WebPage\",\"@id\":\"https:\\\/\\\/www.xalution.com\\\/cs\\\/kontakt\\\/\",\"url\":\"https:\\\/\\\/www.xalution.com\\\/cs\\\/kontakt\\\/\",\"name\":\"Kontakt - xalution - experts for agile solutions\",\"isPartOf\":{\"@id\":\"https:\\\/\\\/www.xalution.com\\\/#website\"},\"datePublished\":\"2021-06-20T15:18:29+00:00\",\"dateModified\":\"2026-04-20T12:55:43+00:00\",\"breadcrumb\":{\"@id\":\"https:\\\/\\\/www.xalution.com\\\/cs\\\/kontakt\\\/#breadcrumb\"},\"inLanguage\":\"cs\",\"potentialAction\":[{\"@type\":\"ReadAction\",\"target\":[\"https:\\\/\\\/www.xalution.com\\\/cs\\\/kontakt\\\/\"]}]},{\"@type\":\"BreadcrumbList\",\"@id\":\"https:\\\/\\\/www.xalution.com\\\/cs\\\/kontakt\\\/#breadcrumb\",\"itemListElement\":[{\"@type\":\"ListItem\",\"position\":1,\"name\":\"Home\",\"item\":\"https:\\\/\\\/www.xalution.com\\\/cs\\\/\"},{\"@type\":\"ListItem\",\"position\":2,\"name\":\"Kontakt\"}]},{\"@type\":\"WebSite\",\"@id\":\"https:\\\/\\\/www.xalution.com\\\/#website\",\"url\":\"https:\\\/\\\/www.xalution.com\\\/\",\"name\":\"xalution - experts for agile solutions\",\"description\":\"Za\u010dn\u011bte s digitalizac\u00ed\",\"publisher\":{\"@id\":\"https:\\\/\\\/www.xalution.com\\\/#organization\"},\"potentialAction\":[{\"@type\":\"SearchAction\",\"target\":{\"@type\":\"EntryPoint\",\"urlTemplate\":\"https:\\\/\\\/www.xalution.com\\\/?s={search_term_string}\"},\"query-input\":{\"@type\":\"PropertyValueSpecification\",\"valueRequired\":true,\"valueName\":\"search_term_string\"}}],\"inLanguage\":\"cs\"},{\"@type\":\"Organization\",\"@id\":\"https:\\\/\\\/www.xalution.com\\\/#organization\",\"name\":\"xalution group GmbH\",\"url\":\"https:\\\/\\\/www.xalution.com\\\/\",\"logo\":{\"@type\":\"ImageObject\",\"inLanguage\":\"cs\",\"@id\":\"https:\\\/\\\/www.xalution.com\\\/#\\\/schema\\\/logo\\\/image\\\/\",\"url\":\"https:\\\/\\\/www.xalution.com\\\/wp-content\\\/uploads\\\/2023\\\/11\\\/xalution_logo_mattgold_CMYK_druck.png\",\"contentUrl\":\"https:\\\/\\\/www.xalution.com\\\/wp-content\\\/uploads\\\/2023\\\/11\\\/xalution_logo_mattgold_CMYK_druck.png\",\"width\":8860,\"height\":3000,\"caption\":\"xalution group GmbH\"},\"image\":{\"@id\":\"https:\\\/\\\/www.xalution.com\\\/#\\\/schema\\\/logo\\\/image\\\/\"},\"sameAs\":[\"https:\\\/\\\/www.facebook.com\\\/xalution\\\/\",\"https:\\\/\\\/www.linkedin.com\\\/company\\\/17963170\",\"https:\\\/\\\/www.xing.com\\\/pages\\\/xalutiongmbh\"]}]}<\/script>\n<!-- \/ Yoast SEO plugin. -->","yoast_head_json":{"title":"Kontakt - xalution - experts for agile solutions","robots":{"index":"index","follow":"follow","max-snippet":"max-snippet:-1","max-image-preview":"max-image-preview:large","max-video-preview":"max-video-preview:-1"},"canonical":"https:\/\/www.xalution.com\/cs\/kontakt\/","og_locale":"cs_CZ","og_type":"article","og_title":"Kontakt - xalution - experts for agile solutions","og_description":"[vc_row css_animation=&#8220;&#8220; row_type=&#8220;row&#8220; use_row_as_full_screen_section=&#8220;no&#8220; type=&#8220;full_width&#8220; angled_section=&#8220;no&#8220; text_align=&#8220;left&#8220; background_image_as_pattern=&#8220;without_pattern&#8220;][vc_column el_class=&#8220;hide770&#8243;][\/vc_column][\/vc_row][vc_row css_animation=&#8220;&#8220; row_type=&#8220;row&#8220; use_row_as_full_screen_section=&#8220;no&#8220; type=&#8220;full_width&#8220; angled_section=&#8220;no&#8220; text_align=&#8220;left&#8220; background_image_as_pattern=&#8220;without_pattern&#8220;][vc_column el_class=&#8220;show770&#8243;][\/vc_column][vc_column][vc_raw_html]PGEgbmFtZT0ia29udGFrdCI+IDwvYT4=[\/vc_raw_html][vc_empty_space height=&#8220;150px&#8220;][\/vc_column][\/vc_row][vc_row css_animation=&#8220;&#8220; row_type=&#8220;row&#8220;...","og_url":"https:\/\/www.xalution.com\/cs\/kontakt\/","og_site_name":"xalution - experts for agile solutions","article_publisher":"https:\/\/www.facebook.com\/xalution\/","article_modified_time":"2026-04-20T12:55:43+00:00","twitter_card":"summary_large_image","twitter_misc":{"Odhadovan\u00e1 doba \u010dten\u00ed":"1 minuta"},"schema":{"@context":"https:\/\/schema.org","@graph":[{"@type":"WebPage","@id":"https:\/\/www.xalution.com\/cs\/kontakt\/","url":"https:\/\/www.xalution.com\/cs\/kontakt\/","name":"Kontakt - xalution - experts for agile solutions","isPartOf":{"@id":"https:\/\/www.xalution.com\/#website"},"datePublished":"2021-06-20T15:18:29+00:00","dateModified":"2026-04-20T12:55:43+00:00","breadcrumb":{"@id":"https:\/\/www.xalution.com\/cs\/kontakt\/#breadcrumb"},"inLanguage":"cs","potentialAction":[{"@type":"ReadAction","target":["https:\/\/www.xalution.com\/cs\/kontakt\/"]}]},{"@type":"BreadcrumbList","@id":"https:\/\/www.xalution.com\/cs\/kontakt\/#breadcrumb","itemListElement":[{"@type":"ListItem","position":1,"name":"Home","item":"https:\/\/www.xalution.com\/cs\/"},{"@type":"ListItem","position":2,"name":"Kontakt"}]},{"@type":"WebSite","@id":"https:\/\/www.xalution.com\/#website","url":"https:\/\/www.xalution.com\/","name":"xalution - experts for agile solutions","description":"Za\u010dn\u011bte s digitalizac\u00ed","publisher":{"@id":"https:\/\/www.xalution.com\/#organization"},"potentialAction":[{"@type":"SearchAction","target":{"@type":"EntryPoint","urlTemplate":"https:\/\/www.xalution.com\/?s={search_term_string}"},"query-input":{"@type":"PropertyValueSpecification","valueRequired":true,"valueName":"search_term_string"}}],"inLanguage":"cs"},{"@type":"Organization","@id":"https:\/\/www.xalution.com\/#organization","name":"xalution group GmbH","url":"https:\/\/www.xalution.com\/","logo":{"@type":"ImageObject","inLanguage":"cs","@id":"https:\/\/www.xalution.com\/#\/schema\/logo\/image\/","url":"https:\/\/www.xalution.com\/wp-content\/uploads\/2023\/11\/xalution_logo_mattgold_CMYK_druck.png","contentUrl":"https:\/\/www.xalution.com\/wp-content\/uploads\/2023\/11\/xalution_logo_mattgold_CMYK_druck.png","width":8860,"height":3000,"caption":"xalution group GmbH"},"image":{"@id":"https:\/\/www.xalution.com\/#\/schema\/logo\/image\/"},"sameAs":["https:\/\/www.facebook.com\/xalution\/","https:\/\/www.linkedin.com\/company\/17963170","https:\/\/www.xing.com\/pages\/xalutiongmbh"]}]}},"_links":{"self":[{"href":"https:\/\/www.xalution.com\/cs\/wp-json\/wp\/v2\/pages\/7033","targetHints":{"allow":["GET"]}}],"collection":[{"href":"https:\/\/www.xalution.com\/cs\/wp-json\/wp\/v2\/pages"}],"about":[{"href":"https:\/\/www.xalution.com\/cs\/wp-json\/wp\/v2\/types\/page"}],"author":[{"embeddable":true,"href":"https:\/\/www.xalution.com\/cs\/wp-json\/wp\/v2\/users\/1"}],"replies":[{"embeddable":true,"href":"https:\/\/www.xalution.com\/cs\/wp-json\/wp\/v2\/comments?post=7033"}],"version-history":[{"count":21,"href":"https:\/\/www.xalution.com\/cs\/wp-json\/wp\/v2\/pages\/7033\/revisions"}],"predecessor-version":[{"id":79031,"href":"https:\/\/www.xalution.com\/cs\/wp-json\/wp\/v2\/pages\/7033\/revisions\/79031"}],"wp:attachment":[{"href":"https:\/\/www.xalution.com\/cs\/wp-json\/wp\/v2\/media?parent=7033"}],"curies":[{"name":"wp","href":"https:\/\/api.w.org\/{rel}","templated":true}]}}