{"id":7030,"date":"2021-06-20T17:18:27","date_gmt":"2021-06-20T15:18:27","guid":{"rendered":"http:\/\/xalution.reingold.media\/support\/"},"modified":"2024-04-08T18:07:18","modified_gmt":"2024-04-08T16:07:18","slug":"podpora","status":"publish","type":"page","link":"https:\/\/www.xalution.com\/cs\/podpora\/","title":{"rendered":"Podpora"},"content":{"rendered":"<div class=\"wpb-content-wrapper\"><p>[vc_row css_animation=&#8220;&#8220; row_type=&#8220;row&#8220; use_row_as_full_screen_section=&#8220;no&#8220; type=&#8220;full_width&#8220; angled_section=&#8220;no&#8220; text_align=&#8220;left&#8220; background_image_as_pattern=&#8220;without_pattern&#8220;][vc_column el_class=&#8220;hide770&#8243;]\n\t\t\t\t<p class=\"rs-p-wp-fix\"><\/p>\n\t\t\t\t<sr7-module data-alias=\"support-11\" data-id=\"52\" id=\"SR7_52_1\" class=\"rs-ov-hidden\" data-version=\"6.7.41\">\n\t\t\t\t\t<sr7-adjuster><\/sr7-adjuster>\n\t\t\t\t\t<sr7-content>\n\t\t\t\t\t\t<sr7-slide id=\"SR7_52_1-76\" data-key=\"76\">\n\t\t\t\t\t\t\t<sr7-bg id=\"SR7_52_1-76-4\" class=\"sr7-layer\"><noscript><img decoding=\"async\" src=\"http:\/\/www.xalution.com\/wp-content\/uploads\/2021\/04\/Header_Support-2.jpg\" alt=\"xalution ist der Microsoft Dynamics 365 Partner f\u00fcr agile ERP-, Supply Chain- und Finance &amp; Operations-L\u00f6sungen\" title=\"xalution | Your experts for agile solutions &#8211; Deutschland | Schweiz | Tschechien | Slowakei\"><\/noscript><\/sr7-bg>\n\t\t\t\t\t\t\t<sr7-txt id=\"SR7_52_1-76-1\" class=\"sr7-layer\">Nab\u00edz\u00edme kompetentn\u00ed podporu na denn\u00ed b\u00e1zi.<\/sr7-txt>\n\t\t\t\t\t\t\t<sr7-txt id=\"SR7_52_1-76-2\" class=\"sr7-layer\">Podpora ze strany na\u0161ich konzultant\u016f a v\u00fdvoj\u00e1\u0159\u016f zaru\u010duje stabiln\u00ed procesy a rychl\u00e1 \u0159e\u0161en\u00ed probl\u00e9m\u016f.<\/sr7-txt>\n\t\t\t\t\t\t\t<a id=\"SR7_52_1-76-3\" class=\"sr7-layer\" href=\"\/cs\/support\/#kontakt\" target=\"_self\">Kontaktujte na\u0161i podporu!<\/a>\n\t\t\t\t\t\t<\/sr7-slide>\n\t\t\t\t\t\t<sr7-slide id=\"SR7_52_1-228\" data-key=\"228\">\n\t\t\t\t\t\t<\/sr7-slide>\n\t\t\t\t\t<\/sr7-content>\n\t\t\t\t\t<image_lists style=\"display:none\">\n\t\t\t\t\t\t<img data-src=\"\/\/www.xalution.com\/wp-content\/uploads\/2021\/04\/Header_Support-2.jpg\" data-libid=\"5907\" data-lib=\"medialibrary\" alt=\"xalution ist der Microsoft Dynamics 365 Partner f\u00fcr agile ERP-, Supply Chain- und Finance &amp; Operations-L\u00f6sungen\" title=\"xalution | Your experts for agile solutions &#8211; Deutschland | Schweiz | Tschechien | Slowakei\" width=\"0\" height=\"0\" data-dbsrc=\"Ly93d3cueGFsdXRpb24uY29tL3dwLWNvbnRlbnQvdXBsb2Fkcy8yMDIxLzA0L0hlYWRlcl9TdXBwb3J0LTIuanBn\"\/>\n\t\t\t\t\t<\/image_lists>\n\t\t\t\t<\/sr7-module>\n\t\t\t\t<script>\n\t\t\t\t\tSR7.PMH ??={}; SR7.PMH[\"SR7_52_1\"] = {cn:100,state:false,fn: function() { if (_tpt!==undefined && _tpt.prepareModuleHeight !== undefined) {  _tpt.prepareModuleHeight({id:\"SR7_52_1\",el:[900,900,900,960,960],type:'hero',shdw:'0',gh:[900,900,900,960,960],gw:[1500,1500,1500,778,778],vpt:['-200px&#039;,&#039;-200px&#039;,&#039;-200px&#039;,&#039;-200px&#039;,&#039;-200px'],size:{fullWidth:true, fullHeight:true},fho:'',mh:'0',onh:0,onw:0,bg:{color:'{\"orig\":\"transparent\",\"type\":\"solid\",\"string\":\"transparent\"}'}});   SR7.PMH[\"SR7_52_1\"].state=true;} else if(SR7.PMH[\"SR7_52_1\"].cn-->0)\tsetTimeout( SR7.PMH[\"SR7_52_1\"].fn,19);}};SR7.PMH[\"SR7_52_1\" ].fn();\n\t\t\t\t<\/script>\n[\/vc_column][\/vc_row][vc_row css_animation=&#8220;&#8220; row_type=&#8220;row&#8220; use_row_as_full_screen_section=&#8220;no&#8220; type=&#8220;full_width&#8220; angled_section=&#8220;no&#8220; text_align=&#8220;left&#8220; background_image_as_pattern=&#8220;without_pattern&#8220; el_class=&#8220;show770&#8243; z_index=&#8220;&#8220;][vc_column]\n\t\t\t\t<p class=\"rs-p-wp-fix\"><\/p>\n\t\t\t\t<sr7-module data-alias=\"support-mobil-11\" data-id=\"61\" id=\"SR7_61_2\" class=\"rs-ov-hidden\" data-version=\"6.7.41\">\n\t\t\t\t\t<sr7-adjuster><\/sr7-adjuster>\n\t\t\t\t\t<sr7-content>\n\t\t\t\t\t\t<sr7-slide id=\"SR7_61_2-87\" data-key=\"87\">\n\t\t\t\t\t\t\t<sr7-bg id=\"SR7_61_2-87-4\" class=\"sr7-layer\"><noscript><img decoding=\"async\" src=\"http:\/\/www.xalution.com\/wp-content\/uploads\/2021\/04\/Header_Support-2.jpg\" alt=\"xalution ist der Microsoft Dynamics 365 Partner f\u00fcr agile ERP-, Supply Chain- und Finance &amp; Operations-L\u00f6sungen\" title=\"xalution | Your experts for agile solutions &#8211; Deutschland | Schweiz | Tschechien | Slowakei\"><\/noscript><\/sr7-bg>\n\t\t\t\t\t\t\t<sr7-txt id=\"SR7_61_2-87-1\" class=\"sr7-layer\">Nab\u00edz\u00edme kompetentn\u00ed podporu na denn\u00ed b\u00e1zi.<\/sr7-txt>\n\t\t\t\t\t\t\t<sr7-txt id=\"SR7_61_2-87-2\" class=\"sr7-layer\">Podpora ze strany na\u0161ich konzultant\u016f a v\u00fdvoj\u00e1\u0159\u016f zaru\u010duje stabiln\u00ed procesy a rychl\u00e1 \u0159e\u0161en\u00ed probl\u00e9m\u016f.<\/sr7-txt>\n\t\t\t\t\t\t\t<a id=\"SR7_61_2-87-3\" class=\"sr7-layer\" href=\"\/cs\/support\/#kontakt\" target=\"_self\">Kontaktujte na\u0161i podporu!<\/a>\n\t\t\t\t\t\t<\/sr7-slide>\n\t\t\t\t\t\t<sr7-slide id=\"SR7_61_2-237\" data-key=\"237\">\n\t\t\t\t\t\t<\/sr7-slide>\n\t\t\t\t\t<\/sr7-content>\n\t\t\t\t\t<image_lists style=\"display:none\">\n\t\t\t\t\t\t<img data-src=\"\/\/www.xalution.com\/wp-content\/uploads\/2021\/04\/Header_Support-2.jpg\" data-libid=\"5907\" data-lib=\"medialibrary\" alt=\"xalution ist der Microsoft Dynamics 365 Partner f\u00fcr agile ERP-, Supply Chain- und Finance &amp; Operations-L\u00f6sungen\" title=\"xalution | Your experts for agile solutions &#8211; Deutschland | Schweiz | Tschechien | Slowakei\" width=\"0\" height=\"0\" data-dbsrc=\"Ly93d3cueGFsdXRpb24uY29tL3dwLWNvbnRlbnQvdXBsb2Fkcy8yMDIxLzA0L0hlYWRlcl9TdXBwb3J0LTIuanBn\"\/>\n\t\t\t\t\t<\/image_lists>\n\t\t\t\t<\/sr7-module>\n\t\t\t\t<script>\n\t\t\t\t\tSR7.PMH ??={}; SR7.PMH[\"SR7_61_2\"] = {cn:100,state:false,fn: function() { if (_tpt!==undefined && _tpt.prepareModuleHeight !== undefined) {  _tpt.prepareModuleHeight({id:\"SR7_61_2\",el:[1024,1024,1024,1024,720],type:'hero',shdw:'0',gh:[1024,1024,1024,1024,720],gw:[768,768,768,768,480],vpt:['-200px&#039;,&#039;-200px&#039;,&#039;-200px&#039;,&#039;-200px&#039;,&#039;-200px'],size:{fullWidth:true, fullHeight:true},fho:'',mh:'0',onh:0,onw:0,bg:{color:'{\"orig\":\"transparent\",\"type\":\"solid\",\"string\":\"transparent\"}'}});   SR7.PMH[\"SR7_61_2\"].state=true;} else if(SR7.PMH[\"SR7_61_2\"].cn-->0)\tsetTimeout( SR7.PMH[\"SR7_61_2\"].fn,19);}};SR7.PMH[\"SR7_61_2\" ].fn();\n\t\t\t\t<\/script>\n[\/vc_column][\/vc_row][vc_row css_animation=&#8220;&#8220; row_type=&#8220;row&#8220; use_row_as_full_screen_section=&#8220;no&#8220; type=&#8220;full_width&#8220; angled_section=&#8220;no&#8220; text_align=&#8220;left&#8220; background_image_as_pattern=&#8220;without_pattern&#8220;][vc_column][vc_empty_space height=&#8220;150px&#8220;][\/vc_column][\/vc_row][vc_row css_animation=&#8220;&#8220; row_type=&#8220;row&#8220; use_row_as_full_screen_section=&#8220;no&#8220; type=&#8220;grid&#8220; angled_section=&#8220;no&#8220; text_align=&#8220;left&#8220; background_image_as_pattern=&#8220;without_pattern&#8220; z_index=&#8220;&#8220;][vc_column width=&#8220;1\/6&#8243;][\/vc_column][vc_column width=&#8220;2\/3&#8243;][vc_column_text]<\/p>\n<h1 style=\"text-align: center;\">Support<\/h1>\n<p>[\/vc_column_text][vc_column_text]<\/p>\n<p style=\"text-align: center;\">xalution je va\u0161\u00edm siln\u00fdm partnerem ve v\u0161ech f\u00e1z\u00edch projektu a\u017e po uveden\u00ed do provozu &#8211; a d\u00e1le! Prov\u00e1z\u00edme v\u00e1s va\u0161\u00edm nov\u00fdm \u0159e\u0161en\u00edm. Takto zajist\u00edme, aby u\u017eivatel\u00e9 a IT odd\u011blen\u00ed s procesn\u00edmi nebo technick\u00fdmi probl\u00e9my dostali v\u017edy adekv\u00e1tn\u00ed podporu.<\/p>\n<p style=\"text-align: center;\">Poskytujeme individu\u00e1ln\u00ed slu\u017eby pro ka\u017ed\u00e9ho z\u00e1kazn\u00edka &#8211; tak\u00e9 pro va\u0161e st\u00e1vaj\u00edc\u00ed softwarov\u00e9 \u0159e\u0161en\u00ed.<\/p>\n<p>[\/vc_column_text][\/vc_column][vc_column width=&#8220;1\/6&#8243;][\/vc_column][\/vc_row][vc_row css_animation=&#8220;&#8220; row_type=&#8220;row&#8220; use_row_as_full_screen_section=&#8220;no&#8220; type=&#8220;full_width&#8220; angled_section=&#8220;no&#8220; text_align=&#8220;left&#8220; background_image_as_pattern=&#8220;without_pattern&#8220;][vc_column][vc_empty_space height=&#8220;130px&#8220;][\/vc_column][\/vc_row][vc_row css_animation=&#8220;&#8220; row_type=&#8220;row&#8220; use_row_as_full_screen_section=&#8220;no&#8220; type=&#8220;grid&#8220; angled_section=&#8220;no&#8220; text_align=&#8220;left&#8220; background_image_as_pattern=&#8220;without_pattern&#8220; bg_type=&#8220;image&#8220; parallax_style=&#8220;vcpb-default&#8220; bg_image_new=&#8220;id^5589|url^https:\/\/www.xalution.com\/wp-content\/uploads\/2021\/04\/xalution-bildmarke.png|caption^null|alt^null|title^xalution-bildmarke|description^null&#8220; bg_image_repeat=&#8220;no-repeat&#8220; bg_image_size=&#8220;contain&#8220; bg_image_posiiton=&#8220;80% center&#8220; css=&#8220;.vc_custom_1619007682121{background-color: #1b213a !important;background-position: 0 0 !important;background-repeat: no-repeat !important;}&#8220; z_index=&#8220;&#8220; el_class=&#8220;whitetext xback&#8220;][vc_column][vc_empty_space height=&#8220;130px&#8220;][vc_column_text el_class=&#8220;quote&#8220;]<\/p>\n<h2 style=\"text-align: center;\">x4ASC &#8211; servisn\u00ed st\u0159edisko xalution<\/h2>\n<p>[\/vc_column_text][vc_row_inner row_type=&#8220;row&#8220; type=&#8220;full_width&#8220; text_align=&#8220;left&#8220; css_animation=&#8220;&#8220;][vc_column_inner width=&#8220;1\/2&#8243;][vc_column_text]<\/p>\n<ul>\n<li>Profesion\u00e1ln\u00ed podpora od na\u0161ich konzultant\u016f a v\u00fdvoj\u00e1\u0159\u016f<\/li>\n<li>Dostupnost 12 hodin denn\u011b<\/li>\n<li>P\u0159\u00edm\u00fd p\u0159\u00edstup na port\u00e1l, po\u0161tu nebo Hot Line<\/li>\n<\/ul>\n<p>[\/vc_column_text][\/vc_column_inner][vc_column_inner width=&#8220;1\/2&#8243;][vc_column_text]<\/p>\n<ul>\n<li>Podpora 3. \u00farovn\u011b<\/li>\n<li>Bal\u00ed\u010dky slu\u017eeb v z\u00e1vislosti na va\u0161ich pot\u0159eb\u00e1ch<\/li>\n<li>Mo\u017enost individu\u00e1ln\u00edho roz\u0161\u00ed\u0159en\u00ed slu\u017eeb<\/li>\n<\/ul>\n<p>[\/vc_column_text][\/vc_column_inner][\/vc_row_inner][vc_empty_space height=&#8220;80px&#8220;][vc_column_text]<\/p>\n<p style=\"text-align: center;\">Pro v\u00edce informac\u00ed n\u00e1s nev\u00e1hejte kontaktovat!<\/p>\n<p>[\/vc_column_text][vc_column_text el_class=&#8220;quote&#8220;]<\/p>\n<h3 style=\"text-align: center;\">E-Mail: <a href=\"mailto:help@xalution.com\">help@xalution.com<\/a> Telefon: +420 734 245 567<\/h3>\n<p>[\/vc_column_text][vc_empty_space height=&#8220;110px&#8220;][\/vc_column][\/vc_row][vc_row css_animation=&#8220;&#8220; row_type=&#8220;row&#8220; use_row_as_full_screen_section=&#8220;no&#8220; type=&#8220;full_width&#8220; angled_section=&#8220;no&#8220; text_align=&#8220;left&#8220; background_image_as_pattern=&#8220;without_pattern&#8220;][vc_column][vc_raw_html]PGEgbmFtZT0ia29udGFrdCI+PC9hPg==[\/vc_raw_html][vc_empty_space height=&#8220;200px&#8220;][\/vc_column][\/vc_row][vc_row css_animation=&#8220;&#8220; row_type=&#8220;row&#8220; use_row_as_full_screen_section=&#8220;no&#8220; type=&#8220;grid&#8220; angled_section=&#8220;no&#8220; text_align=&#8220;left&#8220; background_image_as_pattern=&#8220;without_pattern&#8220; z_index=&#8220;&#8220;][vc_column width=&#8220;1\/6&#8243;][\/vc_column][vc_column width=&#8220;2\/3&#8243;][vc_column_text]<\/p>\n<h2 style=\"text-align: center;\">Nev\u00e1hejte n\u00e1s kontaktovat.<\/h2>\n<p>[\/vc_column_text][vc_column_text]<\/p>\n<p style=\"text-align: center;\">xalution p\u0159in\u00e1\u0161\u00ed optim\u00e1ln\u00ed digit\u00e1ln\u00ed \u0159e\u0161en\u00ed a nab\u00edz\u00ed celou v\u00fdkonnou platformu Microsoft 365 a v\u0161echny souvisej\u00edc\u00ed slu\u017eby.<\/p>\n<p>[\/vc_column_text][vc_empty_space height=&#8220;30px&#8220;][\/vc_column][vc_column width=&#8220;1\/6&#8243;][\/vc_column][\/vc_row][vc_row css_animation=&#8220;&#8220; row_type=&#8220;row&#8220; use_row_as_full_screen_section=&#8220;no&#8220; type=&#8220;grid&#8220; angled_section=&#8220;no&#8220; text_align=&#8220;left&#8220; background_image_as_pattern=&#8220;without_pattern&#8220; z_index=&#8220;&#8220;][vc_column][vc_raw_html]W2NvbnRhY3QtZm9ybS03IGlkPSI2NTQ0IiB0aXRsZT0iS29udGFrdCBjc3oiXQ==[\/vc_raw_html][\/vc_column][\/vc_row][vc_row css_animation=&#8220;&#8220; row_type=&#8220;row&#8220; use_row_as_full_screen_section=&#8220;no&#8220; type=&#8220;full_width&#8220; angled_section=&#8220;no&#8220; text_align=&#8220;left&#8220; background_image_as_pattern=&#8220;without_pattern&#8220;][vc_column][vc_empty_space height=&#8220;200px&#8220;][\/vc_column][\/vc_row]<\/p>\n<\/div>","protected":false},"excerpt":{"rendered":"<p>[vc_row css_animation=&#8220;&#8220; row_type=&#8220;row&#8220; use_row_as_full_screen_section=&#8220;no&#8220; type=&#8220;full_width&#8220; angled_section=&#8220;no&#8220; text_align=&#8220;left&#8220; background_image_as_pattern=&#8220;without_pattern&#8220;][vc_column el_class=&#8220;hide770&#8243;][\/vc_column][\/vc_row][vc_row css_animation=&#8220;&#8220; row_type=&#8220;row&#8220; use_row_as_full_screen_section=&#8220;no&#8220; type=&#8220;full_width&#8220; angled_section=&#8220;no&#8220; text_align=&#8220;left&#8220; background_image_as_pattern=&#8220;without_pattern&#8220; el_class=&#8220;show770&#8243; z_index=&#8220;&#8220;][vc_column][\/vc_column][\/vc_row][vc_row css_animation=&#8220;&#8220; row_type=&#8220;row&#8220;&#8230;<\/p>\n","protected":false},"author":1,"featured_media":0,"parent":0,"menu_order":0,"comment_status":"closed","ping_status":"closed","template":"full_width.php","meta":{"inline_featured_image":false,"footnotes":""},"class_list":["post-7030","page","type-page","status-publish","hentry"],"yoast_head":"<!-- This site is optimized with the Yoast SEO plugin v27.4 - https:\/\/yoast.com\/product\/yoast-seo-wordpress\/ -->\n<title>Podpora - xalution - experts for agile solutions<\/title>\n<meta name=\"robots\" content=\"index, follow, max-snippet:-1, max-image-preview:large, max-video-preview:-1\" \/>\n<link rel=\"canonical\" href=\"https:\/\/www.xalution.com\/support\/\" \/>\n<meta property=\"og:locale\" content=\"cs_CZ\" \/>\n<meta property=\"og:type\" content=\"article\" \/>\n<meta property=\"og:title\" content=\"Podpora - xalution - experts for agile solutions\" \/>\n<meta property=\"og:description\" content=\"[vc_row css_animation=&#8220;&#8220; row_type=&#8220;row&#8220; use_row_as_full_screen_section=&#8220;no&#8220; type=&#8220;full_width&#8220; angled_section=&#8220;no&#8220; text_align=&#8220;left&#8220; background_image_as_pattern=&#8220;without_pattern&#8220;][vc_column el_class=&#8220;hide770&#8243;][\/vc_column][\/vc_row][vc_row css_animation=&#8220;&#8220; row_type=&#8220;row&#8220; use_row_as_full_screen_section=&#8220;no&#8220; type=&#8220;full_width&#8220; angled_section=&#8220;no&#8220; text_align=&#8220;left&#8220; background_image_as_pattern=&#8220;without_pattern&#8220; el_class=&#8220;show770&#8243; z_index=&#8220;&#8220;][vc_column][\/vc_column][\/vc_row][vc_row css_animation=&#8220;&#8220; row_type=&#8220;row&#8220;...\" \/>\n<meta property=\"og:url\" content=\"https:\/\/www.xalution.com\/support\/\" \/>\n<meta property=\"og:site_name\" content=\"xalution - experts for agile solutions\" \/>\n<meta property=\"article:publisher\" content=\"https:\/\/www.facebook.com\/xalution\/\" \/>\n<meta property=\"article:modified_time\" content=\"2024-04-08T16:07:18+00:00\" \/>\n<meta name=\"twitter:card\" content=\"summary_large_image\" \/>\n<meta name=\"twitter:label1\" content=\"Odhadovan\u00e1 doba \u010dten\u00ed\" \/>\n\t<meta name=\"twitter:data1\" content=\"4 minuty\" \/>\n<script type=\"application\/ld+json\" class=\"yoast-schema-graph\">{\"@context\":\"https:\\\/\\\/schema.org\",\"@graph\":[{\"@type\":\"WebPage\",\"@id\":\"https:\\\/\\\/www.xalution.com\\\/support\\\/\",\"url\":\"https:\\\/\\\/www.xalution.com\\\/support\\\/\",\"name\":\"Podpora - xalution - experts for agile solutions\",\"isPartOf\":{\"@id\":\"https:\\\/\\\/www.xalution.com\\\/#website\"},\"datePublished\":\"2021-06-20T15:18:27+00:00\",\"dateModified\":\"2024-04-08T16:07:18+00:00\",\"breadcrumb\":{\"@id\":\"https:\\\/\\\/www.xalution.com\\\/support\\\/#breadcrumb\"},\"inLanguage\":\"cs\",\"potentialAction\":[{\"@type\":\"ReadAction\",\"target\":[\"https:\\\/\\\/www.xalution.com\\\/support\\\/\"]}]},{\"@type\":\"BreadcrumbList\",\"@id\":\"https:\\\/\\\/www.xalution.com\\\/support\\\/#breadcrumb\",\"itemListElement\":[{\"@type\":\"ListItem\",\"position\":1,\"name\":\"Home\",\"item\":\"https:\\\/\\\/www.xalution.com\\\/cs\\\/\"},{\"@type\":\"ListItem\",\"position\":2,\"name\":\"Podpora\"}]},{\"@type\":\"WebSite\",\"@id\":\"https:\\\/\\\/www.xalution.com\\\/#website\",\"url\":\"https:\\\/\\\/www.xalution.com\\\/\",\"name\":\"xalution - experts for agile solutions\",\"description\":\"Za\u010dn\u011bte s digitalizac\u00ed\",\"publisher\":{\"@id\":\"https:\\\/\\\/www.xalution.com\\\/#organization\"},\"potentialAction\":[{\"@type\":\"SearchAction\",\"target\":{\"@type\":\"EntryPoint\",\"urlTemplate\":\"https:\\\/\\\/www.xalution.com\\\/?s={search_term_string}\"},\"query-input\":{\"@type\":\"PropertyValueSpecification\",\"valueRequired\":true,\"valueName\":\"search_term_string\"}}],\"inLanguage\":\"cs\"},{\"@type\":\"Organization\",\"@id\":\"https:\\\/\\\/www.xalution.com\\\/#organization\",\"name\":\"xalution group GmbH\",\"url\":\"https:\\\/\\\/www.xalution.com\\\/\",\"logo\":{\"@type\":\"ImageObject\",\"inLanguage\":\"cs\",\"@id\":\"https:\\\/\\\/www.xalution.com\\\/#\\\/schema\\\/logo\\\/image\\\/\",\"url\":\"https:\\\/\\\/www.xalution.com\\\/wp-content\\\/uploads\\\/2023\\\/11\\\/xalution_logo_mattgold_CMYK_druck.png\",\"contentUrl\":\"https:\\\/\\\/www.xalution.com\\\/wp-content\\\/uploads\\\/2023\\\/11\\\/xalution_logo_mattgold_CMYK_druck.png\",\"width\":8860,\"height\":3000,\"caption\":\"xalution group GmbH\"},\"image\":{\"@id\":\"https:\\\/\\\/www.xalution.com\\\/#\\\/schema\\\/logo\\\/image\\\/\"},\"sameAs\":[\"https:\\\/\\\/www.facebook.com\\\/xalution\\\/\",\"https:\\\/\\\/www.linkedin.com\\\/company\\\/17963170\",\"https:\\\/\\\/www.xing.com\\\/pages\\\/xalutiongmbh\"]}]}<\/script>\n<!-- \/ Yoast SEO plugin. -->","yoast_head_json":{"title":"Podpora - xalution - experts for agile solutions","robots":{"index":"index","follow":"follow","max-snippet":"max-snippet:-1","max-image-preview":"max-image-preview:large","max-video-preview":"max-video-preview:-1"},"canonical":"https:\/\/www.xalution.com\/support\/","og_locale":"cs_CZ","og_type":"article","og_title":"Podpora - xalution - experts for agile solutions","og_description":"[vc_row css_animation=&#8220;&#8220; row_type=&#8220;row&#8220; use_row_as_full_screen_section=&#8220;no&#8220; type=&#8220;full_width&#8220; angled_section=&#8220;no&#8220; text_align=&#8220;left&#8220; background_image_as_pattern=&#8220;without_pattern&#8220;][vc_column el_class=&#8220;hide770&#8243;][\/vc_column][\/vc_row][vc_row css_animation=&#8220;&#8220; row_type=&#8220;row&#8220; use_row_as_full_screen_section=&#8220;no&#8220; type=&#8220;full_width&#8220; angled_section=&#8220;no&#8220; text_align=&#8220;left&#8220; background_image_as_pattern=&#8220;without_pattern&#8220; el_class=&#8220;show770&#8243; z_index=&#8220;&#8220;][vc_column][\/vc_column][\/vc_row][vc_row css_animation=&#8220;&#8220; row_type=&#8220;row&#8220;...","og_url":"https:\/\/www.xalution.com\/support\/","og_site_name":"xalution - experts for agile solutions","article_publisher":"https:\/\/www.facebook.com\/xalution\/","article_modified_time":"2024-04-08T16:07:18+00:00","twitter_card":"summary_large_image","twitter_misc":{"Odhadovan\u00e1 doba \u010dten\u00ed":"4 minuty"},"schema":{"@context":"https:\/\/schema.org","@graph":[{"@type":"WebPage","@id":"https:\/\/www.xalution.com\/support\/","url":"https:\/\/www.xalution.com\/support\/","name":"Podpora - xalution - experts for agile solutions","isPartOf":{"@id":"https:\/\/www.xalution.com\/#website"},"datePublished":"2021-06-20T15:18:27+00:00","dateModified":"2024-04-08T16:07:18+00:00","breadcrumb":{"@id":"https:\/\/www.xalution.com\/support\/#breadcrumb"},"inLanguage":"cs","potentialAction":[{"@type":"ReadAction","target":["https:\/\/www.xalution.com\/support\/"]}]},{"@type":"BreadcrumbList","@id":"https:\/\/www.xalution.com\/support\/#breadcrumb","itemListElement":[{"@type":"ListItem","position":1,"name":"Home","item":"https:\/\/www.xalution.com\/cs\/"},{"@type":"ListItem","position":2,"name":"Podpora"}]},{"@type":"WebSite","@id":"https:\/\/www.xalution.com\/#website","url":"https:\/\/www.xalution.com\/","name":"xalution - experts for agile solutions","description":"Za\u010dn\u011bte s digitalizac\u00ed","publisher":{"@id":"https:\/\/www.xalution.com\/#organization"},"potentialAction":[{"@type":"SearchAction","target":{"@type":"EntryPoint","urlTemplate":"https:\/\/www.xalution.com\/?s={search_term_string}"},"query-input":{"@type":"PropertyValueSpecification","valueRequired":true,"valueName":"search_term_string"}}],"inLanguage":"cs"},{"@type":"Organization","@id":"https:\/\/www.xalution.com\/#organization","name":"xalution group GmbH","url":"https:\/\/www.xalution.com\/","logo":{"@type":"ImageObject","inLanguage":"cs","@id":"https:\/\/www.xalution.com\/#\/schema\/logo\/image\/","url":"https:\/\/www.xalution.com\/wp-content\/uploads\/2023\/11\/xalution_logo_mattgold_CMYK_druck.png","contentUrl":"https:\/\/www.xalution.com\/wp-content\/uploads\/2023\/11\/xalution_logo_mattgold_CMYK_druck.png","width":8860,"height":3000,"caption":"xalution group GmbH"},"image":{"@id":"https:\/\/www.xalution.com\/#\/schema\/logo\/image\/"},"sameAs":["https:\/\/www.facebook.com\/xalution\/","https:\/\/www.linkedin.com\/company\/17963170","https:\/\/www.xing.com\/pages\/xalutiongmbh"]}]}},"_links":{"self":[{"href":"https:\/\/www.xalution.com\/cs\/wp-json\/wp\/v2\/pages\/7030","targetHints":{"allow":["GET"]}}],"collection":[{"href":"https:\/\/www.xalution.com\/cs\/wp-json\/wp\/v2\/pages"}],"about":[{"href":"https:\/\/www.xalution.com\/cs\/wp-json\/wp\/v2\/types\/page"}],"author":[{"embeddable":true,"href":"https:\/\/www.xalution.com\/cs\/wp-json\/wp\/v2\/users\/1"}],"replies":[{"embeddable":true,"href":"https:\/\/www.xalution.com\/cs\/wp-json\/wp\/v2\/comments?post=7030"}],"version-history":[{"count":27,"href":"https:\/\/www.xalution.com\/cs\/wp-json\/wp\/v2\/pages\/7030\/revisions"}],"predecessor-version":[{"id":31584,"href":"https:\/\/www.xalution.com\/cs\/wp-json\/wp\/v2\/pages\/7030\/revisions\/31584"}],"wp:attachment":[{"href":"https:\/\/www.xalution.com\/cs\/wp-json\/wp\/v2\/media?parent=7030"}],"curies":[{"name":"wp","href":"https:\/\/api.w.org\/{rel}","templated":true}]}}