{"id":6968,"date":"2021-06-18T12:55:29","date_gmt":"2021-06-18T10:55:29","guid":{"rendered":"http:\/\/xalution.reingold.media\/struktura\/"},"modified":"2026-04-21T09:56:22","modified_gmt":"2026-04-21T07:56:22","slug":"impresum","status":"publish","type":"page","link":"https:\/\/www.xalution.com\/cs\/impresum\/","title":{"rendered":"Ochrana dat"},"content":{"rendered":"<div class=\"wpb-content-wrapper\"><p>[vc_row css_animation=&#8220;&#8220; row_type=&#8220;row&#8220; use_row_as_full_screen_section=&#8220;no&#8220; type=&#8220;full_width&#8220; angled_section=&#8220;no&#8220; text_align=&#8220;left&#8220; background_image_as_pattern=&#8220;without_pattern&#8220; css=&#8220;.vc_custom_1620136563094{background-color: #1b213a !important;}&#8220; z_index=&#8220;&#8220;][vc_column css=&#8220;.vc_custom_1620136570327{background-color: #1b213a !important;}&#8220;][vc_empty_space height=&#8220;120&#8243;][\/vc_column][\/vc_row][vc_row css_animation=&#8220;&#8220; row_type=&#8220;row&#8220; use_row_as_full_screen_section=&#8220;no&#8220; type=&#8220;grid&#8220; angled_section=&#8220;no&#8220; text_align=&#8220;left&#8220; background_image_as_pattern=&#8220;without_pattern&#8220; z_index=&#8220;&#8220;][vc_column][vc_empty_space height=&#8220;150&#8243;][vc_column_text]<\/p>\n<h1 style=\"text-align: center;\">Struktura<\/h1>\n<p>[\/vc_column_text][vc_empty_space height=&#8220;40&#8243;][vc_row_inner row_type=&#8220;row&#8220; type=&#8220;full_width&#8220; text_align=&#8220;left&#8220; css_animation=&#8220;&#8220; el_class=&#8220;impressumsreihe&#8220;][vc_column_inner el_class=&#8220;impressumsblock&#8220; width=&#8220;1\/3&#8243;][vc_column_text css=&#8220;&#8220;]<strong>xalution group GmbH<\/strong><br \/>\nWeinmarkt 4<br \/>\n90403 Norimberg<br \/>\nN\u011bmecko<\/p>\n<p>Jednatel\u00e9:<br \/>\nTobias Endl<br \/>\nIng. Michal Hankiewicz<\/p>\n<p>Prokura:<br \/>\nEike Fischer<br \/>\nTom\u00e1\u0161 Palyza[\/vc_column_text][vc_column_text css=&#8220;&#8220;]M\u00edstn\u00ed soud Norimbeg, HRB 34421<br \/>\nDI\u010c: DE313850165[\/vc_column_text][\/vc_column_inner][vc_column_inner el_class=&#8220;impressumsblock&#8220; width=&#8220;1\/3&#8243;][vc_column_text css=&#8220;&#8220;]<strong>xalution GmbH<\/strong><br \/>\nWeinmarkt 4<br \/>\n90403 Norimberg<br \/>\nN\u011bmecko<\/p>\n<p>Telefon:<br \/>\n+49 911 148 869 19<\/p>\n<p>Jednatel\u00e9:<br \/>\nTobias Endl<br \/>\nEike Fischer<\/p>\n<p>Prokura:<br \/>\nRobert Siebeck[\/vc_column_text][vc_column_text css=&#8220;&#8220;]M\u00edstn\u00ed soud Norimbeg, HRB 34405<br \/>\nDI\u010c: DE313850157[\/vc_column_text][\/vc_column_inner][vc_column_inner el_class=&#8220;impressumsblock&#8220; width=&#8220;1\/3&#8243;][vc_column_text css=&#8220;&#8220;]<strong>xalution s.r.o., \u010cesk\u00e1 republika<br \/>\n<\/strong>PORT 7, budova D<br \/>\nPod Dr\u00e1hou 1638\/7<br \/>\n170 00 Praha 7<br \/>\nCzech Republic<\/p>\n<p>Telefon:<br \/>\n+420 737 294 185<\/p>\n<p>Jednatel\u00e9:<br \/>\nIng. Michal Hankiewicz<br \/>\nIng. Ji\u0159\u00ed Smolek<br \/>\nTereza Mach\u00e1\u010dkov\u00e1[\/vc_column_text][vc_column_text css=&#8220;&#8220;]Obchodn\u00ed soud v Praze, 05335884<br \/>\nDI\u010c: CZ05335884<\/p>\n<p>[\/vc_column_text][\/vc_column_inner][\/vc_row_inner][vc_row_inner row_type=&#8220;row&#8220; type=&#8220;full_width&#8220; text_align=&#8220;left&#8220; css_animation=&#8220;&#8220; el_class=&#8220;impressumsreihe&#8220;][vc_column_inner el_class=&#8220;impressumsblock&#8220; width=&#8220;1\/3&#8243;][vc_column_text css=&#8220;&#8220;]<strong>xalution GmbH, \u0160v\u00fdcarsko<\/strong><br \/>\nIm Alexander 4<br \/>\n8500 Frauenfeld<br \/>\n\u0160v\u00fdcarsko<\/p>\n<p>Telefon:<br \/>\n+41 43 508 20 24<\/p>\n<p>Jednatel\u00e9:<br \/>\nTobias Endl<br \/>\nChristian Calabro[\/vc_column_text][vc_column_text css=&#8220;&#8220;]M\u00edstn\u00ed soud Frauenfeld \/ TG, CHE-395.047.740<br \/>\nDI\u010c: CHE-395.047.740<\/p>\n<p>[\/vc_column_text][\/vc_column_inner][vc_column_inner el_class=&#8220;impressumsblock&#8220; width=&#8220;1\/3&#8243;][vc_column_text css=&#8220;&#8220;]<\/p>\n<p data-start=\"961\" data-end=\"1059\"><strong data-start=\"961\" data-end=\"984\">xalution sp. z o.o.<\/strong><br data-start=\"984\" data-end=\"987\" \/>ul. Na Ostatnim Groszu 3<br data-start=\"1011\" data-end=\"1014\" \/>West 4 Business Hub<br data-start=\"1033\" data-end=\"1036\" \/>54-207 Wroc\u0142aw, Polen<\/p>\n<p data-start=\"961\" data-end=\"1059\">Telefon:<br data-start=\"1033\" data-end=\"1036\" \/>+48 880 609 813<\/p>\n<p data-start=\"1061\" data-end=\"1148\">CEO: Michal Hankiewicz<br data-start=\"1087\" data-end=\"1090\" \/>Board Members: Wojciech Kaczmarek, Tereza Machackova<\/p>\n<p>[\/vc_column_text][vc_column_text css=&#8220;&#8220;]<\/p>\n<p data-start=\"1150\" data-end=\"1220\">Rejst\u0159\u00edkov\u00fd soud ve Var\u0161av\u011b,<br data-start=\"1175\" data-end=\"1178\" \/>KRS: 0001143694<br data-start=\"1193\" data-end=\"1196\" \/>VAT number: 5253027670<\/p>\n<p>[\/vc_column_text][\/vc_column_inner][vc_column_inner el_class=&#8220;impressumsblock&#8220; width=&#8220;1\/3&#8243;][vc_column_text css=&#8220;&#8220;]<strong>Mo\u017enost kontaktu:<\/strong><br \/>\nTelefon: +49 911 148 869 19<br \/>\ninfo(at)xalution.com[\/vc_column_text][vc_raw_html css=&#8220;&#8220;]PHN2ZyB4bWxucz0iaHR0cDovL3d3dy53My5vcmcvMjAwMC9zdmciIHdpZHRoPSIyMzIuNDIiIGhlaWdodD0iMjUxLjI3NyIgdmlld0JveD0iMCAwIDIzMi40MiAyNTEuMjc3IiBjbGFzcz0icmlnaHQiPg0KICA8cGF0aCBpZD0iUGZhZF84ODAiIGRhdGEtbmFtZT0iUGZhZCA4ODAiIGQ9Ik0zNzEuMDczLDE3NS4zNzljLTQuNzE2LDYuNi0xMi43MjksMTAuODQ0LTIyLjE2LDEwLjg0NC0xMi43MjgsMC0yMC43NDQtOC45NTgtMjAuNzQ0LTE4Ljg1OGExOC4xMjEsMTguMTIxLDAsMCwxLDMuNzczLTExLjMxNWwzNy43MTUtNTMuNzQ0YTI3LjQ4NiwyNy40ODYsMCwwLDEsMjIuNjI4LTExLjMxNGMxMi4yNiwwLDIwLjc0NCw4Ljk1NywyMC43NDQsMTguODU4YTE4LjExLDE4LjExLDAsMCwxLTMuNzcxLDExLjMxM1ptLTE0LjYxNyw1Mi44LDU5LjQsODMuOTE3YTE5LjcxNywxOS43MTcsMCwwLDEsNC4yNDEsMTIuNzI5YzAsOS45LTguMDE0LDE3LjQ0My0yMC4yNzIsMTcuNDQzLTkuOSwwLTE3LjkxNC0zLjMtMjMuMS0xMC44NDNsLTYwLjgxNi04Ni4yNzNjLTcuNTQ0LTEwLjM3MS0xNi4wMy0xNi45NzMtMzEuMTE2LTIzLjU3Mi0xNi4wMjgtNy41NDQtMjcuODE0LTE3LjkxNS0zNC40MTUtMjYuODcybC01MS44NTctNzMuNTQ2Yy0yLjM1Ny0zLjc3Mi0zLjc3My03LjU0My0zLjc3My0xMS4zMTMsMC05LjksOC40ODctMTguODU4LDIwLjc0My0xOC44NTgsOS45LDAsMTcuOTE2LDQuMjQ0LDIyLjYyOSwxMS4zMTRsNTAuNDQzLDcyLjEzMWM5LjQyOSwxMy4yLDE1LjU1OSwxNi41LDMyLjA2MSwyNC45ODQsMTYuOTY5LDguMDE2LDI3LjM0NCwxNi45NzIsMzUuODI3LDI4Ljc1OG0tMTI1LjQsMTAzLjI0NmMtNS4xODYsNy41NDQtMTIuNzI5LDEwLjg0My0yMi42MjksMTAuODQzLTEyLjI1OCwwLTIwLjc0NS03LjU0Mi0yMC43NDUtMTcuNDQzYTIyLjgyMywyMi44MjMsMCwwLDEsNC4yNDItMTIuNzI5bDQ1LjczMS02NC41ODZjNS4xODYtNy41NDMsMTMuMi0xMC44NDMsMjMuMS0xMC44NDMsMTEuNzg4LDAsMjAuMjcyLDguMDEzLDIwLjI3MiwxNy45MTMsMCwzLjc3Mi0xLjQxNSw4LjAxNi00LjI0MywxMi4yNThaIiB0cmFuc2Zvcm09InRyYW5zbGF0ZSgtMTg3LjY4MiAtOTAuOTkyKSIgZmlsbD0iI2RhYWEwMCIgb3BhY2l0eT0iMC44NTMiLz4NCjwvc3ZnPg0K[\/vc_raw_html][\/vc_column_inner][\/vc_row_inner][vc_empty_space height=&#8220;50px&#8220;][vc_row_inner row_type=&#8220;row&#8220; type=&#8220;full_width&#8220; text_align=&#8220;left&#8220; css_animation=&#8220;&#8220; el_class=&#8220;impressumsreihe&#8220;][vc_column_inner width=&#8220;1\/3&#8243;][vc_column_text css=&#8220;&#8220;]<br \/>\n<strong>Ochrann\u00e9 zn\u00e1mky:<\/strong><br \/>\nPokud nen\u00ed uvedeno jinak, jsou v\u0161echny ochrann\u00e9 zn\u00e1mky na webov\u00fdch str\u00e1nk\u00e1ch xalution, chr\u00e1n\u011bny z\u00e1konem o ochrann\u00fdch zn\u00e1mk\u00e1ch. To plat\u00ed zejm\u00e9na pro zna\u010dky xalution, firemn\u00ed a produktov\u00e1 loga.<br \/>\n[\/vc_column_text][\/vc_column_inner][vc_column_inner width=&#8220;1\/3&#8243;][vc_column_text css=&#8220;&#8220;]<br \/>\n<strong>Odm\u00edtnut\u00ed odpov\u011bdnosti:<\/strong><br \/>\nI p\u0159es pe\u010dlivou kontrolu obsahu nep\u0159eb\u00edr\u00e1me \u017e\u00e1dnou odpov\u011bdnost za obsah extern\u00edch odkaz\u016f. Za jejich obsah odpov\u00eddaj\u00ed v\u00fdhradn\u011b provozovatel\u00e9 odkazovan\u00fdch str\u00e1nek.<\/p>\n<p>[\/vc_column_text][\/vc_column_inner][vc_column_inner width=&#8220;1\/3&#8243;][vc_empty_space height=&#8220;30px&#8220;][vc_column_text css=&#8220;&#8220;]Obsah na\u0161ich webov\u00fdch str\u00e1nek je pe\u010dliv\u011b upravov\u00e1n a kontrolov\u00e1n. xalution v\u0161ak nem\u016f\u017ee zaru\u010dit spr\u00e1vnost, \u00faplnost a aktu\u00e1lnost poskytovan\u00fdch informac\u00ed.<\/p>\n<p>[\/vc_column_text][\/vc_column_inner][\/vc_row_inner][vc_empty_space height=&#8220;130px&#8220;][\/vc_column][\/vc_row]<\/p>\n<\/div>","protected":false},"excerpt":{"rendered":"<p>[vc_row css_animation=&#8220;&#8220; row_type=&#8220;row&#8220; use_row_as_full_screen_section=&#8220;no&#8220; type=&#8220;full_width&#8220; angled_section=&#8220;no&#8220; text_align=&#8220;left&#8220; background_image_as_pattern=&#8220;without_pattern&#8220; css=&#8220;.vc_custom_1620136563094{background-color: #1b213a !important;}&#8220; z_index=&#8220;&#8220;][vc_column css=&#8220;.vc_custom_1620136570327{background-color: #1b213a !important;}&#8220;][vc_empty_space height=&#8220;120&#8243;][\/vc_column][\/vc_row][vc_row css_animation=&#8220;&#8220; row_type=&#8220;row&#8220; use_row_as_full_screen_section=&#8220;no&#8220; type=&#8220;grid&#8220;&#8230;<\/p>\n","protected":false},"author":1,"featured_media":0,"parent":0,"menu_order":0,"comment_status":"closed","ping_status":"closed","template":"full_width.php","meta":{"inline_featured_image":false,"footnotes":""},"class_list":["post-6968","page","type-page","status-publish","hentry"],"yoast_head":"<!-- This site is optimized with the Yoast SEO plugin v27.4 - https:\/\/yoast.com\/product\/yoast-seo-wordpress\/ -->\n<title>xalution | Odborn\u00edci na agiln\u00ed \u0159e\u0161en\u00ed Microsoft Dynamics 365<\/title>\n<meta name=\"description\" content=\"xalution - partner Microsoft Dynamics 365 v N\u011bmecku, \u0160v\u00fdcarsku a v\u00fdchodn\u00ed Evrop\u011b pro \u0159e\u0161en\u00ed ERP, dodavatelsk\u00e9ho \u0159et\u011bzce a financ\u00ed a provozu\" \/>\n<meta name=\"robots\" content=\"index, follow, max-snippet:-1, max-image-preview:large, max-video-preview:-1\" \/>\n<link rel=\"canonical\" href=\"https:\/\/www.xalution.com\/cs\/impresum\/\" \/>\n<meta property=\"og:locale\" content=\"cs_CZ\" \/>\n<meta property=\"og:type\" content=\"article\" \/>\n<meta property=\"og:title\" content=\"xalution | Odborn\u00edci na agiln\u00ed \u0159e\u0161en\u00ed Microsoft Dynamics 365\" \/>\n<meta property=\"og:description\" content=\"xalution - partner Microsoft Dynamics 365 v N\u011bmecku, \u0160v\u00fdcarsku a v\u00fdchodn\u00ed Evrop\u011b pro \u0159e\u0161en\u00ed ERP, dodavatelsk\u00e9ho \u0159et\u011bzce a financ\u00ed a provozu\" \/>\n<meta property=\"og:url\" content=\"https:\/\/www.xalution.com\/cs\/impresum\/\" \/>\n<meta property=\"og:site_name\" content=\"xalution - experts for agile solutions\" \/>\n<meta property=\"article:publisher\" content=\"https:\/\/www.facebook.com\/xalution\/\" \/>\n<meta property=\"article:modified_time\" content=\"2026-04-21T07:56:22+00:00\" \/>\n<meta name=\"twitter:card\" content=\"summary_large_image\" \/>\n<meta name=\"twitter:label1\" content=\"Odhadovan\u00e1 doba \u010dten\u00ed\" \/>\n\t<meta name=\"twitter:data1\" content=\"2 minuty\" \/>\n<script type=\"application\/ld+json\" class=\"yoast-schema-graph\">{\"@context\":\"https:\\\/\\\/schema.org\",\"@graph\":[{\"@type\":\"WebPage\",\"@id\":\"https:\\\/\\\/www.xalution.com\\\/cs\\\/impresum\\\/\",\"url\":\"https:\\\/\\\/www.xalution.com\\\/cs\\\/impresum\\\/\",\"name\":\"xalution | Odborn\u00edci na agiln\u00ed \u0159e\u0161en\u00ed Microsoft Dynamics 365\",\"isPartOf\":{\"@id\":\"https:\\\/\\\/www.xalution.com\\\/#website\"},\"datePublished\":\"2021-06-18T10:55:29+00:00\",\"dateModified\":\"2026-04-21T07:56:22+00:00\",\"description\":\"xalution - partner Microsoft Dynamics 365 v N\u011bmecku, \u0160v\u00fdcarsku a v\u00fdchodn\u00ed Evrop\u011b pro \u0159e\u0161en\u00ed ERP, dodavatelsk\u00e9ho \u0159et\u011bzce a financ\u00ed a provozu\",\"breadcrumb\":{\"@id\":\"https:\\\/\\\/www.xalution.com\\\/cs\\\/impresum\\\/#breadcrumb\"},\"inLanguage\":\"cs\",\"potentialAction\":[{\"@type\":\"ReadAction\",\"target\":[\"https:\\\/\\\/www.xalution.com\\\/cs\\\/impresum\\\/\"]}]},{\"@type\":\"BreadcrumbList\",\"@id\":\"https:\\\/\\\/www.xalution.com\\\/cs\\\/impresum\\\/#breadcrumb\",\"itemListElement\":[{\"@type\":\"ListItem\",\"position\":1,\"name\":\"Home\",\"item\":\"https:\\\/\\\/www.xalution.com\\\/cs\\\/\"},{\"@type\":\"ListItem\",\"position\":2,\"name\":\"Ochrana dat\"}]},{\"@type\":\"WebSite\",\"@id\":\"https:\\\/\\\/www.xalution.com\\\/#website\",\"url\":\"https:\\\/\\\/www.xalution.com\\\/\",\"name\":\"xalution - experts for agile solutions\",\"description\":\"Za\u010dn\u011bte s digitalizac\u00ed\",\"publisher\":{\"@id\":\"https:\\\/\\\/www.xalution.com\\\/#organization\"},\"potentialAction\":[{\"@type\":\"SearchAction\",\"target\":{\"@type\":\"EntryPoint\",\"urlTemplate\":\"https:\\\/\\\/www.xalution.com\\\/?s={search_term_string}\"},\"query-input\":{\"@type\":\"PropertyValueSpecification\",\"valueRequired\":true,\"valueName\":\"search_term_string\"}}],\"inLanguage\":\"cs\"},{\"@type\":\"Organization\",\"@id\":\"https:\\\/\\\/www.xalution.com\\\/#organization\",\"name\":\"xalution group GmbH\",\"url\":\"https:\\\/\\\/www.xalution.com\\\/\",\"logo\":{\"@type\":\"ImageObject\",\"inLanguage\":\"cs\",\"@id\":\"https:\\\/\\\/www.xalution.com\\\/#\\\/schema\\\/logo\\\/image\\\/\",\"url\":\"https:\\\/\\\/www.xalution.com\\\/wp-content\\\/uploads\\\/2023\\\/11\\\/xalution_logo_mattgold_CMYK_druck.png\",\"contentUrl\":\"https:\\\/\\\/www.xalution.com\\\/wp-content\\\/uploads\\\/2023\\\/11\\\/xalution_logo_mattgold_CMYK_druck.png\",\"width\":8860,\"height\":3000,\"caption\":\"xalution group GmbH\"},\"image\":{\"@id\":\"https:\\\/\\\/www.xalution.com\\\/#\\\/schema\\\/logo\\\/image\\\/\"},\"sameAs\":[\"https:\\\/\\\/www.facebook.com\\\/xalution\\\/\",\"https:\\\/\\\/www.linkedin.com\\\/company\\\/17963170\",\"https:\\\/\\\/www.xing.com\\\/pages\\\/xalutiongmbh\"]}]}<\/script>\n<!-- \/ Yoast SEO plugin. -->","yoast_head_json":{"title":"xalution | Odborn\u00edci na agiln\u00ed \u0159e\u0161en\u00ed Microsoft Dynamics 365","description":"xalution - partner Microsoft Dynamics 365 v N\u011bmecku, \u0160v\u00fdcarsku a v\u00fdchodn\u00ed Evrop\u011b pro \u0159e\u0161en\u00ed ERP, dodavatelsk\u00e9ho \u0159et\u011bzce a financ\u00ed a provozu","robots":{"index":"index","follow":"follow","max-snippet":"max-snippet:-1","max-image-preview":"max-image-preview:large","max-video-preview":"max-video-preview:-1"},"canonical":"https:\/\/www.xalution.com\/cs\/impresum\/","og_locale":"cs_CZ","og_type":"article","og_title":"xalution | Odborn\u00edci na agiln\u00ed \u0159e\u0161en\u00ed Microsoft Dynamics 365","og_description":"xalution - partner Microsoft Dynamics 365 v N\u011bmecku, \u0160v\u00fdcarsku a v\u00fdchodn\u00ed Evrop\u011b pro \u0159e\u0161en\u00ed ERP, dodavatelsk\u00e9ho \u0159et\u011bzce a financ\u00ed a provozu","og_url":"https:\/\/www.xalution.com\/cs\/impresum\/","og_site_name":"xalution - experts for agile solutions","article_publisher":"https:\/\/www.facebook.com\/xalution\/","article_modified_time":"2026-04-21T07:56:22+00:00","twitter_card":"summary_large_image","twitter_misc":{"Odhadovan\u00e1 doba \u010dten\u00ed":"2 minuty"},"schema":{"@context":"https:\/\/schema.org","@graph":[{"@type":"WebPage","@id":"https:\/\/www.xalution.com\/cs\/impresum\/","url":"https:\/\/www.xalution.com\/cs\/impresum\/","name":"xalution | Odborn\u00edci na agiln\u00ed \u0159e\u0161en\u00ed Microsoft Dynamics 365","isPartOf":{"@id":"https:\/\/www.xalution.com\/#website"},"datePublished":"2021-06-18T10:55:29+00:00","dateModified":"2026-04-21T07:56:22+00:00","description":"xalution - partner Microsoft Dynamics 365 v N\u011bmecku, \u0160v\u00fdcarsku a v\u00fdchodn\u00ed Evrop\u011b pro \u0159e\u0161en\u00ed ERP, dodavatelsk\u00e9ho \u0159et\u011bzce a financ\u00ed a provozu","breadcrumb":{"@id":"https:\/\/www.xalution.com\/cs\/impresum\/#breadcrumb"},"inLanguage":"cs","potentialAction":[{"@type":"ReadAction","target":["https:\/\/www.xalution.com\/cs\/impresum\/"]}]},{"@type":"BreadcrumbList","@id":"https:\/\/www.xalution.com\/cs\/impresum\/#breadcrumb","itemListElement":[{"@type":"ListItem","position":1,"name":"Home","item":"https:\/\/www.xalution.com\/cs\/"},{"@type":"ListItem","position":2,"name":"Ochrana dat"}]},{"@type":"WebSite","@id":"https:\/\/www.xalution.com\/#website","url":"https:\/\/www.xalution.com\/","name":"xalution - experts for agile solutions","description":"Za\u010dn\u011bte s digitalizac\u00ed","publisher":{"@id":"https:\/\/www.xalution.com\/#organization"},"potentialAction":[{"@type":"SearchAction","target":{"@type":"EntryPoint","urlTemplate":"https:\/\/www.xalution.com\/?s={search_term_string}"},"query-input":{"@type":"PropertyValueSpecification","valueRequired":true,"valueName":"search_term_string"}}],"inLanguage":"cs"},{"@type":"Organization","@id":"https:\/\/www.xalution.com\/#organization","name":"xalution group GmbH","url":"https:\/\/www.xalution.com\/","logo":{"@type":"ImageObject","inLanguage":"cs","@id":"https:\/\/www.xalution.com\/#\/schema\/logo\/image\/","url":"https:\/\/www.xalution.com\/wp-content\/uploads\/2023\/11\/xalution_logo_mattgold_CMYK_druck.png","contentUrl":"https:\/\/www.xalution.com\/wp-content\/uploads\/2023\/11\/xalution_logo_mattgold_CMYK_druck.png","width":8860,"height":3000,"caption":"xalution group GmbH"},"image":{"@id":"https:\/\/www.xalution.com\/#\/schema\/logo\/image\/"},"sameAs":["https:\/\/www.facebook.com\/xalution\/","https:\/\/www.linkedin.com\/company\/17963170","https:\/\/www.xing.com\/pages\/xalutiongmbh"]}]}},"_links":{"self":[{"href":"https:\/\/www.xalution.com\/cs\/wp-json\/wp\/v2\/pages\/6968","targetHints":{"allow":["GET"]}}],"collection":[{"href":"https:\/\/www.xalution.com\/cs\/wp-json\/wp\/v2\/pages"}],"about":[{"href":"https:\/\/www.xalution.com\/cs\/wp-json\/wp\/v2\/types\/page"}],"author":[{"embeddable":true,"href":"https:\/\/www.xalution.com\/cs\/wp-json\/wp\/v2\/users\/1"}],"replies":[{"embeddable":true,"href":"https:\/\/www.xalution.com\/cs\/wp-json\/wp\/v2\/comments?post=6968"}],"version-history":[{"count":55,"href":"https:\/\/www.xalution.com\/cs\/wp-json\/wp\/v2\/pages\/6968\/revisions"}],"predecessor-version":[{"id":79084,"href":"https:\/\/www.xalution.com\/cs\/wp-json\/wp\/v2\/pages\/6968\/revisions\/79084"}],"wp:attachment":[{"href":"https:\/\/www.xalution.com\/cs\/wp-json\/wp\/v2\/media?parent=6968"}],"curies":[{"name":"wp","href":"https:\/\/api.w.org\/{rel}","templated":true}]}}